{"id":681,"date":"2020-02-04T11:20:04","date_gmt":"2020-02-04T11:20:04","guid":{"rendered":"https:\/\/nazaretint.sjdigitaldemo.ovh\/?page_id=681"},"modified":"2021-11-21T17:48:48","modified_gmt":"2021-11-21T17:48:48","slug":"movimientos-laicos-nazaret","status":"publish","type":"page","link":"https:\/\/nazaret.org\/en\/movimientos-laicos-nazaret\/","title":{"rendered":"Nazareth Lay Movement"},"content":{"rendered":"<div data-elementor-type=\"wp-page\" data-elementor-id=\"681\" class=\"elementor elementor-681\" data-elementor-post-type=\"page\">\n\t\t\t\t\t\t<div class=\"elementor-section elementor-inner-section elementor-element elementor-element-74cc1c elementor-section-content-middle elementor-section-boxed elementor-section-height-default elementor-section-height-default\" data-id=\"74cc1c\" data-element_type=\"section\" data-e-type=\"section\">\n\t\t\t\t\t\t<div class=\"elementor-container elementor-column-gap-no\">\n\t\t\t\t\t<div class=\"elementor-column elementor-col-50 elementor-inner-column elementor-element elementor-element-1d54932a\" data-id=\"1d54932a\" data-element_type=\"column\" data-e-type=\"column\">\n\t\t\t<div class=\"elementor-widget-wrap elementor-element-populated\">\n\t\t\t\t\t\t<div class=\"elementor-element elementor-element-12ef6fa0 elementor-view-default elementor-widget elementor-widget-icon\" data-id=\"12ef6fa0\" data-element_type=\"widget\" data-e-type=\"widget\" data-widget_type=\"icon.default\">\n\t\t\t\t<div class=\"elementor-widget-container\">\n\t\t\t\t\t\t\t<div class=\"elementor-icon-wrapper\">\n\t\t\t<div class=\"elementor-icon\">\n\t\t\t<i aria-hidden=\"true\" class=\"fas fa-hands-helping\"><\/i>\t\t\t<\/div>\n\t\t<\/div>\n\t\t\t\t\t\t<\/div>\n\t\t\t\t<\/div>\n\t\t\t\t\t<\/div>\n\t\t<\/div>\n\t\t\t\t<div class=\"elementor-column elementor-col-50 elementor-inner-column elementor-element elementor-element-3c2f31a4\" data-id=\"3c2f31a4\" data-element_type=\"column\" data-e-type=\"column\">\n\t\t\t<div class=\"elementor-widget-wrap elementor-element-populated\">\n\t\t\t\t\t\t<div class=\"elementor-element elementor-element-5b1ff8c elementor-widget elementor-widget-heading\" data-id=\"5b1ff8c\" data-element_type=\"widget\" data-e-type=\"widget\" data-widget_type=\"heading.default\">\n\t\t\t\t<div class=\"elementor-widget-container\">\n\t\t\t\t\t<h2 class=\"elementor-heading-title elementor-size-default\">Nazareth lay movement<\/h2>\t\t\t\t<\/div>\n\t\t\t\t<\/div>\n\t\t\t\t\t<\/div>\n\t\t<\/div>\n\t\t\t\t\t<\/div>\n\t\t<\/div>\n\t\t\t\t<section class=\"elementor-section elementor-top-section elementor-element elementor-element-60bdf23b elementor-section-boxed elementor-section-height-default elementor-section-height-default\" data-id=\"60bdf23b\" data-element_type=\"section\" data-e-type=\"section\">\n\t\t\t\t\t\t<div class=\"elementor-container elementor-column-gap-default\">\n\t\t\t\t\t<div class=\"elementor-column elementor-col-100 elementor-top-column elementor-element elementor-element-561edaec\" data-id=\"561edaec\" data-element_type=\"column\" data-e-type=\"column\">\n\t\t\t<div class=\"elementor-widget-wrap elementor-element-populated\">\n\t\t\t\t\t\t<section class=\"elementor-section elementor-inner-section elementor-element elementor-element-2affaa46 elementor-section-boxed elementor-section-height-default elementor-section-height-default\" data-id=\"2affaa46\" data-element_type=\"section\" data-e-type=\"section\">\n\t\t\t\t\t\t<div class=\"elementor-container elementor-column-gap-default\">\n\t\t\t\t\t<div class=\"elementor-column elementor-col-50 elementor-inner-column elementor-element elementor-element-26d05039\" data-id=\"26d05039\" data-element_type=\"column\" data-e-type=\"column\">\n\t\t\t<div class=\"elementor-widget-wrap elementor-element-populated\">\n\t\t\t\t\t\t<div class=\"elementor-element elementor-element-32c22aac elementor-widget elementor-widget-image\" data-id=\"32c22aac\" data-element_type=\"widget\" data-e-type=\"widget\" data-widget_type=\"image.default\">\n\t\t\t\t<div class=\"elementor-widget-container\">\n\t\t\t\t\t\t\t\t\t\t\t\t\t\t\t<img fetchpriority=\"high\" decoding=\"async\" width=\"800\" height=\"800\" src=\"https:\/\/nazaret.org\/wp-content\/uploads\/2020\/02\/72201081_2800228710008770_2831726162214912000_n.jpg\" class=\"attachment-large size-large wp-image-687\" alt=\"\" srcset=\"https:\/\/nazaret.org\/wp-content\/uploads\/2020\/02\/72201081_2800228710008770_2831726162214912000_n.jpg 1000w, https:\/\/nazaret.org\/wp-content\/uploads\/2020\/02\/72201081_2800228710008770_2831726162214912000_n-300x300.jpg 300w, https:\/\/nazaret.org\/wp-content\/uploads\/2020\/02\/72201081_2800228710008770_2831726162214912000_n-150x150.jpg 150w, https:\/\/nazaret.org\/wp-content\/uploads\/2020\/02\/72201081_2800228710008770_2831726162214912000_n-768x768.jpg 768w\" sizes=\"(max-width: 800px) 100vw, 800px\" \/>\t\t\t\t\t\t\t\t\t\t\t\t\t\t\t<\/div>\n\t\t\t\t<\/div>\n\t\t\t\t\t<\/div>\n\t\t<\/div>\n\t\t\t\t<div class=\"elementor-column elementor-col-50 elementor-inner-column elementor-element elementor-element-6052cf53\" data-id=\"6052cf53\" data-element_type=\"column\" data-e-type=\"column\">\n\t\t\t<div class=\"elementor-widget-wrap elementor-element-populated\">\n\t\t\t\t\t\t<div class=\"elementor-element elementor-element-7e358410 elementor-widget elementor-widget-text-editor\" data-id=\"7e358410\" data-element_type=\"widget\" data-e-type=\"widget\" data-widget_type=\"text-editor.default\">\n\t\t\t\t<div class=\"elementor-widget-container\">\n\t\t\t\t\t\t\t\t\t<h3>The identity of the Movement is born from the Mystery of Nazareth, where the life of the Son of God, Jesus, by the miracle of the Incarnation, assumed the human condition and chose a family life with Mary and Joseph where, according to the Gospel,<\/h3>\t\t\t\t\t\t\t\t<\/div>\n\t\t\t\t<\/div>\n\t\t\t\t\t<\/div>\n\t\t<\/div>\n\t\t\t\t\t<\/div>\n\t\t<\/section>\n\t\t\t\t<div class=\"elementor-element elementor-element-29ef7d6b elementor-widget elementor-widget-text-editor\" data-id=\"29ef7d6b\" data-element_type=\"widget\" data-e-type=\"widget\" data-widget_type=\"text-editor.default\">\n\t\t\t\t<div class=\"elementor-widget-container\">\n\t\t\t\t\t\t\t\t\tThe identity of the Movement is born from the Mystery of Nazareth, where the life of the Son of God \u2013Jesus\u2013 through the miracle of the Incarnation, assumed the human condition and chose family life together with Mary and Joseph where according to the Gospel <em>&quot;He grew in stature, in wisdom and grace before God and men&quot;<\/em> (Lc 2.40). This Mystery of the hidden life of Jesus in Nazareth became a gift of the Spirit for Father Manyanet and there he found the inexhaustible source of his charism. By contemplating and experiencing the mystery of Nazareth, Saint Joseph Manyanet assimilated the lifestyle of the home of Jesus, Mary and Joseph and became:\n<p><ul>\n \t<li>Son to grow and learn from the simplicity of Nazareth.<\/li>\n \t<li>Witness to contemplate what happens inside Nazareth.<\/li>\n \t<li>Apostle to go out and announce the Gospel of the Family.<\/li>\n<\/ul><\/p>\t\t\t\t\t\t\t\t<\/div>\n\t\t\t\t<\/div>\n\t\t\t\t\t<\/div>\n\t\t<\/div>\n\t\t\t\t\t<\/div>\n\t\t<\/section>\n\t\t\t\t<section class=\"elementor-section elementor-top-section elementor-element elementor-element-63e82341 elementor-section-boxed elementor-section-height-default elementor-section-height-default\" data-id=\"63e82341\" data-element_type=\"section\" data-e-type=\"section\" data-settings=\"{&quot;background_background&quot;:&quot;classic&quot;}\">\n\t\t\t\t\t\t\t<div class=\"elementor-background-overlay\"><\/div>\n\t\t\t\t\t\t\t<div class=\"elementor-container elementor-column-gap-default\">\n\t\t\t\t\t<div class=\"elementor-column elementor-col-100 elementor-top-column elementor-element elementor-element-36e75e51\" data-id=\"36e75e51\" data-element_type=\"column\" data-e-type=\"column\" data-settings=\"{&quot;background_background&quot;:&quot;classic&quot;}\">\n\t\t\t<div class=\"elementor-widget-wrap elementor-element-populated\">\n\t\t\t\t\t\t<div class=\"elementor-element elementor-element-59c424ab elementor-widget elementor-widget-text-editor\" data-id=\"59c424ab\" data-element_type=\"widget\" data-e-type=\"widget\" data-widget_type=\"text-editor.default\">\n\t\t\t\t<div class=\"elementor-widget-container\">\n\t\t\t\t\t\t\t\t\t<p>Those who belong to the Nazareth Lay Movement are called to carry out the same spiritual and apostolic itinerary of Saint Joseph Manyanet and commit themselves to be children, witnesses and apostles of the Holy Family of Nazareth. \n\nThe lay people who belong to the Movement have as reference the life of Jesus, Mary and Joseph in their experience of family life and travels the path that San Jos\u00e9 Manyanet left as a path of human, spiritual and apostolic growth:<\/p><ul><li>Nazareth, \"home\" where one grows and where the ability to be a free, responsible, committed person with oneself, with the Gospel of Jesus Christ and with the transformation of society is forged and developed.<\/li><li>Nazareth, \"school\" where competent and entrepreneurial people are built to make the changes our world needs. Where the person is formed in authentic human values \u200b\u200band Christian virtues and is nourished by the Gospel and is trained in the discernment of God's will.<\/li><li>Nazareth, \"workshop\" where you learn to transform, recreate and convert life for service to others and where endless possibilities open to enjoy the present and invent the future.<\/li><li>Nazareth, \"temple\" where they discover the world as an environment of God and the person meets himself and his Creator, where faith is lived and shared and where we learn to respect life and creation and where contemplation of the Holy Family is part of everyday life.<\/li><\/ul>\t\t\t\t\t\t\t\t<\/div>\n\t\t\t\t<\/div>\n\t\t\t\t<div class=\"elementor-element elementor-element-1eb176c elementor-view-default elementor-widget elementor-widget-icon\" data-id=\"1eb176c\" data-element_type=\"widget\" data-e-type=\"widget\" data-widget_type=\"icon.default\">\n\t\t\t\t<div class=\"elementor-widget-container\">\n\t\t\t\t\t\t\t<div class=\"elementor-icon-wrapper\">\n\t\t\t<div class=\"elementor-icon\">\n\t\t\t<svg xmlns=\"http:\/\/www.w3.org\/2000\/svg\" xmlns:xlink=\"http:\/\/www.w3.org\/1999\/xlink\" id=\"Capa_1\" x=\"0px\" y=\"0px\" viewbox=\"0 0 350 413\" style=\"enable-background:new 0 0 350 413;\" xml:space=\"preserve\"><style type=\"text\/css\">\t.st0{fill:#FFFFFF;}<\/style><g>\t<path class=\"st0\" d=\"M218.2,391.6c3.4-0.1,6.7-0.2,10.1-0.3c1,0,2,0.1,2.9,0.3c1.7,0.4,2.1,1,1.8,2.8c-0.2,1.2-0.6,2.3-0.4,3.5   c0.1,1,0.7,1.6,1.7,1.5c1.3-0.1,2.6-0.3,3.9-0.5c2.3-0.4,4.5-0.5,6.8-0.4c3.3,0.3,6.7,0.4,10,1.1c4,0.8,8,0.5,11.9-0.3   c3.2-0.6,6.3-1.6,9.4-2.5c1.2-0.3,2.3-0.6,3.5-0.5c0.6,0,1,0.4,1,1.1c0,0.6-0.2,1.3-0.3,1.9c-0.2,1.4-0.3,2.8,0.1,4.2   c0.7,3,1.9,4,4.9,4.2c0.4,0,0.9,0,1.3,0c6.1,0,12.1,0,18.2,0c3.7,0,7.4-0.1,11.1-0.2c2-0.1,4.1-0.4,6.1-0.8   c1.4-0.3,1.9-1.4,1.4-2.7c-0.5-1.4-1.2-2.8-1.9-4.1c-1.1-2.3-1.8-4.6-2.2-7.1c-0.2-1.3,0.1-1.7,1.4-2.1c7.4-2.1,14.4-5.4,21.4-8.5   c0.8-0.3,1.5-0.8,2.3-1.3c0.4-0.3,0.3-0.8,0-1.1c-0.2-0.2-0.5-0.4-0.8-0.5c-3.5-1.8-5.5-4.8-6.6-8.5c-1-3.2-1.7-6.5-2.4-9.8   c-1.7-9.2-3.5-18.3-5.9-27.3c-1.6-5.8-3.2-11.5-4.7-17.2c-0.9-3.2-1.4-6.6-1.7-9.9c-0.4-4.8,0.4-9.5,1.6-14.1   c3.9-14.6,5.2-29.4,4.6-44.5c-0.4-10.3-1.6-20.5-2.7-30.8c-0.4-3.8-0.6-7.6-0.1-11.4c0.1-1.1,0.1-2.2,0.1-3.2   c-0.3-5.9-1-11.7-1.9-17.5c-1.6-9.7-3.3-19.5-4.9-29.2c-1.8-10.5-4.2-20.8-7.8-30.9c-3.3-9.3-6.7-18.6-11-27.4   c-1.5-3.1-3.2-6.2-5.2-9c-1.6-2.4-3.7-4.2-6.2-5.6c-5.1-2.7-10.5-4.7-16.1-5.9c-1.4-0.3-2.3-1-3-2.2c-1.6-2.7-2.2-5.6-1.7-8.7   c0.7-4,1.1-7.9,0.4-12c-1.2-6.4-3.1-12.6-6-18.5c-2.8-5.6-7.3-9.3-13.2-11.4c-4.6-1.6-9.3-2.2-14.1-1.8c-1.3,0.1-2.7,0.2-3.8,0.7   c-4.4,1.9-8.5,4.3-11.8,7.9c-1.8,2-3,4.2-3.5,6.9c-0.5,2.8-0.5,5.6-0.2,8.4c1.2,10.1,4.7,19.6,9.2,28.7c1.3,2.7,3.3,4.8,5.8,6.5   c1.3,0.9,2.6,1.5,4.1,1.7c1.3,0.2,1.5,0.4,1.3,1.7c-0.2,1.5-0.4,3-1.2,4.4c-1.6,2.7-3.7,5.1-6.5,6.6c-2.2,1.2-4.3,2.5-6.5,3.8   c-2,1.2-3.9,2.3-5.9,3.5c-3.7,2.3-6.3,5.6-8,9.6c-1.1,2.5-1.8,5.1-2.3,7.8c-1.1,5.4-1.5,11-1.9,16.5c-0.3,3.3-0.7,6.4-1.8,9.5   c-0.9,2.6-2.3,4.6-4.3,6.3c-2.1,1.7-4.2,1.3-5.2-1.2c-0.3-0.7-0.4-1.5-0.5-2.2c-0.1-1.3,0-2.6,0-3.9c0.2-3.6,0.4-7.2,0.1-10.7   c-0.6-8.9-1.2-17.7-1.8-26.6c-0.4-7-1.1-14.1-1-21.1c0-1.9,0.1-3.9,0.3-5.8c1.2-9.4,2.6-18.7,4.4-28c0.9-4.9,1.7-9.8,3.5-14.5   c3-8.2,1.9-16.3-1.6-24c-3.2-7-9.3-9.8-16.6-9.8c-4.9,0-9.6,1.5-14.1,3.6c-3.6,1.7-6.2,4.5-7.4,8.2c-1.6,5-2.1,10.2-1.1,15.4   c0.9,4.8,2.6,9.4,4.5,13.9c0.3,0.6,0.5,1.2,0.9,1.7c0.7,1.1,1.3,1.3,2.4,0.9c1.3-0.5,2.6-1,3.9-1.6c2.1-1,2.5-2,1.5-4.2   c-0.6-1.4-1.5-2.7-2.2-4c-2.7-4.6-3.8-9.6-3.4-15c0.3-4.3,2.7-7,6.5-8.5c2.7-1.1,5.4-1.5,8.3-1.6c2.1-0.1,4.1,0,6.1,0.5   c2.5,0.6,4,2.1,4.6,4.5c0.2,0.8,0.3,1.7,0.3,2.6c0,2-0.1,3.9-0.4,5.8c-0.8,5.7-1.5,11.4-2.2,17.1c-0.8,6.9-1.6,13.8-3.3,20.5   c-1.7,6.9-2.2,13.9-2.1,21c0.1,9,0.6,18,0.9,27c0.2,5.3,0.6,10.6,0.9,15.9c0.3,5.3,0.6,10.6,0.9,15.9c0.2,3-0.5,5.6-2.9,7.6   c-0.7,0.6-1.2,1.3-1.8,1.9c-2.1,1.9-2.4,4.4-1.8,6.9c0.3,1.6,0.5,2.9-0.2,4.4c-0.6,1.3-0.2,2.4,0.8,3.5c2.5,2.5,4.1,5.5,4.5,9.1   c0.2,1.8,0.3,3.7,0.9,5.4c1.7,5,2.1,10.2,2.2,15.4c0.4,13.2,0.2,26.5-0.4,39.7c-0.5,11.3-1,22.5-1.6,33.8   c-0.2,4.5-0.5,9.1-0.8,13.6c-0.6,8.3-1.1,16.7-1.7,25c-0.5,7-1,14.1-1.5,21.1c-0.6,7.4-1.2,14.7-1.8,22.1   c-0.5,6.6-1.1,13.2-1.7,19.8c-0.5,6.5-1.1,13-1.6,19.4c-0.3,2.9,0,3.4,3.2,3.2c2.4-0.1,4.7-0.9,7-1.3c3.8-0.6,3.3-0.9,3.4-3.9   c0.7-14,1.4-27.9,1.9-41.9c0.6-15.3,1.1-30.6,1.6-45.9c0,0-0.1,0-0.1,0c0.1-2.7,0.3-5.4,0.4-8.1c0.6-20.9,1-41.9,0.7-62.8   c-0.1-6-0.2-11.9-0.4-17.9c0-1.4,0.6-2.2,1.8-2.8c1.1-0.5,2.2-0.3,3.2,0.8c0.7,0.7,1.2,1.5,1.6,2.4c0.7,1.5,1.3,3,1.7,4.6   c1,3.6,1.3,7.2,1.3,10.9c0.1,8.4-0.6,16.7-0.9,25c-0.2,4.7-0.1,9.3,0.4,14c0.2,1.9,0.6,3.9,1.4,5.7c1,2.6,2.8,4.4,5.6,4.9   c0.5,0.1,1.1,0.2,1.6,0.3c1.7,0.3,2.7,1.4,3.1,3c0.3,1.4,0.6,2.8,0.7,4.2c0.3,3.2,0.4,6.5,1,9.7c0.8,4.9,1.1,9.7,0.2,14.6   c-0.8,4.4-0.3,8.6,1,12.8c1.7,5.4,2,10.8,1.4,16.4c-0.6,5.1-0.7,10.2,0.2,15.2c0.4,2.7,0.4,5.4,0.2,8.1c-0.2,2.5-1,4.9-2.2,7.1   c-3.2,5.5-6.3,11.1-9.5,16.7c-0.3,0.6-0.6,1.2-0.8,1.8c-0.2,0.5,0.1,0.9,0.6,1c1.2,0.2,2.4,0.5,3.5,0.5   C213.2,391.8,215.7,391.7,218.2,391.6z\"><\/path>\t<path class=\"st0\" d=\"M154.4,397.5c-1.8-0.7-2.9-2.2-4-3.7c-3-4.4-6.1-8.7-9.1-13.1c-2.3-3.5-4.6-7.1-7.1-10.5   c-6.8-8.9-10-19.2-10.7-30.2c-0.6-10.4-1-20.8-1.5-31.2c-0.5-9.3-0.7-18.6-0.6-28c0.1-5.3,1.1-10.3,3.3-15.1   c0.6-1.3,1.2-2.6,1.7-3.9c1-2.6,1.5-5.2,1.1-8c-0.2-1.2-0.2-2.4-0.3-3.6c-0.1-2,0.5-3.6,1.9-5c2.1-2,4.2-4.1,6.3-6.1   c1.8-1.8,3.7-3.7,5.4-5.7c3-3.6,4.8-7.7,5.2-12.4c0.4-5,0.5-10,0.6-14.9c0-1.8-0.2-3.7-0.5-5.5c-0.5-3.3-2.2-5.8-5.4-7.2   c-0.6-0.3-1.2-0.5-1.8-0.8c-0.8-0.4-1-1.2-0.5-1.9c0.8-1.1,1.8-2.2,2.6-3.3c0.9-1.1,1.8-2.2,2.4-3.4c0.7-1.6,0.5-2.9-0.6-4.2   c-0.8-1-2-1.7-3.1-2.4c-1.1-0.7-2.3-1.3-3.3-2.1c-1.3-1-1.5-1.9-0.6-3.4c0.7-1.1,1.3-2.2,1.6-3.5c1.3-5.1,0.2-9.7-2.8-13.9   c-1.4-2-3.4-3.3-5.8-4c-2.5-0.8-5.1-1-7.7-0.8c-6.2,0.5-10.5,4.6-10.9,10.8c-0.1,1.8-0.6,3.4-1.4,4.9c-0.8,1.7-1.9,3.1-3,4.6   c-1.3,1.8-1.7,1.9-3.8,1.4c-0.9-0.2-1.6-0.7-2.1-1.4c-0.9-1.2-1.5-2.6-2.1-4c-2.1-5.6-3.9-11.2-5.3-17.1c-0.4-1.8-0.9-3.6-1.1-5.4   c-0.8-6.6-0.8-13.2-0.7-19.8c0-0.3,0-0.7,0.1-1c0.2-1.9,1.5-2.9,3.1-3.4c1.4-0.5,2.8,0.1,3.7,1.4c0.1,0.2,0.2,0.4,0.4,0.5   c3.5,3.2,5.9,3.1,8.1-0.2c0.1-0.1,0.1-0.2,0.2-0.3c2.1-3.1,4.7-5.6,7.2-8.3c0.8-0.9,2.1-1.6,2.4-2.6c0.4-1.3-1-2.3-1.7-3.3   c-1.6-2.3-1.7-4.6-0.2-7c1.4-2.3,3-4.5,4.7-6.6c0.7-0.9,1.5-1.7,1.9-2.6c0.9-2.6,2.5-4.2,5.2-4.7c1.1-0.2,1.3-1,0.8-2   c-0.8-1.7-1.7-3.3-3.1-4.5c-2-1.8-3.9-3.7-5.9-5.6c-3-2.7-6.1-5.2-9.5-7.4c-1.6-1.1-3.3-2.1-5.2-2.6c-3.6-0.9-7.2-1.6-10.9-1.8   c-5.2-0.2-9.3,1.7-12.3,5.9c-1.5,2.1-3,4.3-4.3,6.5c-2.8,4.5-5.4,9.2-8.1,13.7c-2,3.3-4.2,6.6-6.3,9.8c-1.8,2.6-3.9,4.9-6.4,6.8   c-3,2.3-5.5,5.2-7.8,8.2c-3.5,4.6-6.2,9.7-8.7,14.9c-1.4,3.1-2.4,6.3-3,9.6c-0.4,2.3-0.7,4.7-0.8,7.1c-0.4,6.2-0.8,12.3-1.2,18.5   c-0.3,5.4-1.1,10.8-2.4,16.1c-0.8,3.2-1.3,6.4-1.6,9.6c-0.9,9.4-0.5,18.9,0.4,28.3c0.6,7.4,0.7,14.7,0.1,22.1   c-0.9,9.9-2.1,19.8-3.7,29.7c-1.8,10.7-3.9,21.3-7,31.7c-0.8,2.8-1.9,5.6-1.6,8.6c0,0.3-0.1,0.6-0.1,1c-1.7,12-3.9,24-6,35.9   c-1,5.7-2.1,11.3-2.9,17c-0.9,6.7-1.7,13.3-2.3,20c-0.5,5.3-1,10.6-0.8,15.9c0,1.6,0.1,3.2,0.5,4.8c0.5,2.2,0.8,2.5,3,2.7   c2.5,0.2,5,0.4,7.4,0.7c0.6,0.1,1.3,0.1,1.9,0.1c3.1,0.1,3.4-0.2,3.6-3.1c0.1-1.7,0.2-3.5,0.4-5.2c0.1-0.7,0.3-1.5,0.6-2.2   c0.7-1.5,1.9-1.7,3.1-0.5c0.6,0.7,1.2,1.5,1.7,2.4c1.1,1.9,2.1,3.8,3.3,5.6c0.7,1.2,1.3,1.3,2.4,0.7c0.8-0.4,1.5-0.9,2.3-1.3   c1.7-0.8,3.4-0.7,4.7,0.8c0.4,0.5,0.9,0.9,1.4,1.4c1.6,1.5,3.4,2.3,5.6,2.1c1.2-0.1,2.4-0.1,3.5-0.4c4-1,7.9-2.4,11.5-4.3   c2-1,4-2.2,5.7-3.7c1.9-1.6,3.2-3.5,3.1-6.2c0-1.1,0.2-2.2,0.8-3.1c0.1-0.1,0.4-0.3,0.5-0.2c0.2,0,0.4,0.2,0.5,0.3   c0.6,1.5,0.7,3-0.1,4.4c-0.3,0.6-0.7,1.1-1.1,1.6c-0.4,0.6-0.1,1.2,0.5,1.6c0.4,0.2,0.8,0.4,1.2,0.5c2.3,0.8,4.5,1.6,6.8,2.3   c0.8,0.3,1.7,0.4,2.5,0.5c7.4,0.2,14.7,0.8,22.1,0.7c1.9,0,3.7-0.3,5.5-0.8c0.4-0.1,0.8-0.3,1-0.9c-0.3-0.2-0.6-0.5-0.9-0.8   c-0.9-0.7-2.2-0.9-2.7-2.1c1-1.2,2.4-0.6,3.6-0.7c0.6-0.1,1.3,0,1.9,0.1c7.2,0.3,14.2,1.5,21.3,2.4c5.3,0.6,10.6,1.2,15.9,1.4   c1.7,0.1,3.5,0,5.2-0.5c0.3-0.1,0.6-0.3,0.6-0.6c0-0.3-0.2-0.6-0.4-0.8C155.1,398,154.8,397.7,154.4,397.5z\"><\/path><\/g><\/svg>\t\t\t<\/div>\n\t\t<\/div>\n\t\t\t\t\t\t<\/div>\n\t\t\t\t<\/div>\n\t\t\t\t\t<\/div>\n\t\t<\/div>\n\t\t\t\t\t<\/div>\n\t\t<\/section>\n\t\t\t\t<\/div>","protected":false},"excerpt":{"rendered":"<p>Movimientos laicos Nazaret El Movimiento de Laicos Nazaret es la uni\u00f3n de laicos cristianos que comparten, seg\u00fan su vocaci\u00f3n espec\u00edfica, el Carisma, la Espiritualidad y la Misi\u00f3n de las Misioneras Hijas de la Sagrada Familia de Nazaret. La identidad del Movimiento nace del Misterio de Nazaret, donde la vida del Hijo de Dios\u2013Jes\u00fas\u2013 por el [&hellip;]<\/p>\n","protected":false},"author":1,"featured_media":0,"parent":0,"menu_order":0,"comment_status":"closed","ping_status":"closed","template":"","meta":{"footnotes":""},"class_list":["post-681","page","type-page","status-publish","hentry"],"_links":{"self":[{"href":"https:\/\/nazaret.org\/en\/wp-json\/wp\/v2\/pages\/681","targetHints":{"allow":["GET"]}}],"collection":[{"href":"https:\/\/nazaret.org\/en\/wp-json\/wp\/v2\/pages"}],"about":[{"href":"https:\/\/nazaret.org\/en\/wp-json\/wp\/v2\/types\/page"}],"author":[{"embeddable":true,"href":"https:\/\/nazaret.org\/en\/wp-json\/wp\/v2\/users\/1"}],"replies":[{"embeddable":true,"href":"https:\/\/nazaret.org\/en\/wp-json\/wp\/v2\/comments?post=681"}],"version-history":[{"count":0,"href":"https:\/\/nazaret.org\/en\/wp-json\/wp\/v2\/pages\/681\/revisions"}],"wp:attachment":[{"href":"https:\/\/nazaret.org\/en\/wp-json\/wp\/v2\/media?parent=681"}],"curies":[{"name":"wp","href":"https:\/\/api.w.org\/{rel}","templated":true}]}}