{"id":5012,"date":"2023-12-20T08:00:24","date_gmt":"2023-12-20T08:00:24","guid":{"rendered":"https:\/\/nazaret.org\/?page_id=5012"},"modified":"2023-12-23T10:44:22","modified_gmt":"2023-12-23T10:44:22","slug":"exposicion-fundaciones","status":"publish","type":"page","link":"https:\/\/nazaret.org\/en\/exposicion-fundaciones\/","title":{"rendered":"Exhibition: foundations"},"content":{"rendered":"<div data-elementor-type=\"wp-page\" data-elementor-id=\"5012\" class=\"elementor elementor-5012\" data-elementor-post-type=\"page\">\n\t\t\t\t\t\t<section class=\"elementor-section elementor-top-section elementor-element elementor-element-5d451c7 elementor-section-boxed elementor-section-height-default elementor-section-height-default\" data-id=\"5d451c7\" data-element_type=\"section\" data-e-type=\"section\">\n\t\t\t\t\t\t<div class=\"elementor-container elementor-column-gap-default\">\n\t\t\t\t\t<div class=\"elementor-column elementor-col-50 elementor-top-column elementor-element elementor-element-bef7982\" data-id=\"bef7982\" data-element_type=\"column\" data-e-type=\"column\">\n\t\t\t<div class=\"elementor-widget-wrap elementor-element-populated\">\n\t\t\t\t\t\t<div class=\"elementor-element elementor-element-4a66b24 elementor-widget elementor-widget-image\" data-id=\"4a66b24\" data-element_type=\"widget\" data-e-type=\"widget\" data-widget_type=\"image.default\">\n\t\t\t\t<div class=\"elementor-widget-container\">\n\t\t\t\t\t\t\t\t\t\t\t\t\t\t\t<img fetchpriority=\"high\" decoding=\"async\" width=\"800\" height=\"800\" src=\"https:\/\/nazaret.org\/wp-content\/uploads\/2023\/12\/1-_fundaciones-1024x1024.png\" class=\"attachment-large size-large wp-image-5108\" alt=\"\" srcset=\"https:\/\/nazaret.org\/wp-content\/uploads\/2023\/12\/1-_fundaciones-1024x1024.png 1024w, https:\/\/nazaret.org\/wp-content\/uploads\/2023\/12\/1-_fundaciones-300x300.png 300w, https:\/\/nazaret.org\/wp-content\/uploads\/2023\/12\/1-_fundaciones-150x150.png 150w, https:\/\/nazaret.org\/wp-content\/uploads\/2023\/12\/1-_fundaciones-768x768.png 768w, https:\/\/nazaret.org\/wp-content\/uploads\/2023\/12\/1-_fundaciones-1536x1536.png 1536w, https:\/\/nazaret.org\/wp-content\/uploads\/2023\/12\/1-_fundaciones-12x12.png 12w, https:\/\/nazaret.org\/wp-content\/uploads\/2023\/12\/1-_fundaciones.png 1920w\" sizes=\"(max-width: 800px) 100vw, 800px\" \/>\t\t\t\t\t\t\t\t\t\t\t\t\t\t\t<\/div>\n\t\t\t\t<\/div>\n\t\t\t\t\t<\/div>\n\t\t<\/div>\n\t\t\t\t<div class=\"elementor-column elementor-col-50 elementor-top-column elementor-element elementor-element-ee5d970\" data-id=\"ee5d970\" data-element_type=\"column\" data-e-type=\"column\">\n\t\t\t<div class=\"elementor-widget-wrap elementor-element-populated\">\n\t\t\t\t\t\t<div class=\"elementor-element elementor-element-18fbaf6 elementor-widget elementor-widget-text-editor\" data-id=\"18fbaf6\" data-element_type=\"widget\" data-e-type=\"widget\" data-widget_type=\"text-editor.default\">\n\t\t\t\t<div class=\"elementor-widget-container\">\n\t\t\t\t\t\t\t\t\t<p class=\"p1\"><b><i>Indonesia (year of first foundation: 2015).<\/i><\/b><\/p><p class=\"p1\">End. Tabernacle of the community chapel.<\/p>\t\t\t\t\t\t\t\t<\/div>\n\t\t\t\t<\/div>\n\t\t\t\t\t<\/div>\n\t\t<\/div>\n\t\t\t\t\t<\/div>\n\t\t<\/section>\n\t\t\t\t<section class=\"elementor-section elementor-top-section elementor-element elementor-element-8b720ac elementor-section-boxed elementor-section-height-default elementor-section-height-default\" data-id=\"8b720ac\" data-element_type=\"section\" data-e-type=\"section\">\n\t\t\t\t\t\t<div class=\"elementor-container elementor-column-gap-default\">\n\t\t\t\t\t<div class=\"elementor-column elementor-col-33 elementor-top-column elementor-element elementor-element-da4b2b7\" data-id=\"da4b2b7\" data-element_type=\"column\" data-e-type=\"column\">\n\t\t\t<div class=\"elementor-widget-wrap elementor-element-populated\">\n\t\t\t\t\t\t<div class=\"elementor-element elementor-element-dbbbc87 elementor-widget elementor-widget-image\" data-id=\"dbbbc87\" data-element_type=\"widget\" data-e-type=\"widget\" data-widget_type=\"image.default\">\n\t\t\t\t<div class=\"elementor-widget-container\">\n\t\t\t\t\t\t\t\t\t\t\t\t\t\t\t<img decoding=\"async\" width=\"800\" height=\"800\" src=\"https:\/\/nazaret.org\/wp-content\/uploads\/2023\/12\/2-2-1024x1024.png\" class=\"attachment-large size-large wp-image-5140\" alt=\"\" srcset=\"https:\/\/nazaret.org\/wp-content\/uploads\/2023\/12\/2-2-1024x1024.png 1024w, https:\/\/nazaret.org\/wp-content\/uploads\/2023\/12\/2-2-300x300.png 300w, https:\/\/nazaret.org\/wp-content\/uploads\/2023\/12\/2-2-150x150.png 150w, https:\/\/nazaret.org\/wp-content\/uploads\/2023\/12\/2-2-768x768.png 768w, https:\/\/nazaret.org\/wp-content\/uploads\/2023\/12\/2-2-1536x1536.png 1536w, https:\/\/nazaret.org\/wp-content\/uploads\/2023\/12\/2-2-12x12.png 12w, https:\/\/nazaret.org\/wp-content\/uploads\/2023\/12\/2-2.png 1920w\" sizes=\"(max-width: 800px) 100vw, 800px\" \/>\t\t\t\t\t\t\t\t\t\t\t\t\t\t\t<\/div>\n\t\t\t\t<\/div>\n\t\t\t\t\t<\/div>\n\t\t<\/div>\n\t\t\t\t<div class=\"elementor-column elementor-col-66 elementor-top-column elementor-element elementor-element-ffa7c06\" data-id=\"ffa7c06\" data-element_type=\"column\" data-e-type=\"column\">\n\t\t\t<div class=\"elementor-widget-wrap elementor-element-populated\">\n\t\t\t\t\t\t<div class=\"elementor-element elementor-element-6c1f3ba elementor-widget elementor-widget-image-gallery\" data-id=\"6c1f3ba\" data-element_type=\"widget\" data-e-type=\"widget\" data-widget_type=\"image-gallery.default\">\n\t\t\t\t<div class=\"elementor-widget-container\">\n\t\t\t\t\t\t\t<div class=\"elementor-image-gallery\">\n\t\t\t<div id='gallery-1' class='gallery galleryid-5012 gallery-columns-4 gallery-size-thumbnail'><figure class='gallery-item'>\n\t\t\t<div class='gallery-icon portrait'>\n\t\t\t\t<a data-elementor-open-lightbox=\"yes\" data-elementor-lightbox-slideshow=\"6c1f3ba\" data-elementor-lightbox-title=\"2_1\" data-e-action-hash=\"#elementor-action%3Aaction%3Dlightbox%26settings%3DeyJpZCI6NTE0NywidXJsIjoiaHR0cHM6XC9cL25hemFyZXQub3JnXC93cC1jb250ZW50XC91cGxvYWRzXC8yMDIzXC8xMlwvMl8xLnBuZyIsInNsaWRlc2hvdyI6IjZjMWYzYmEifQ%3D%3D\" href='https:\/\/nazaret.org\/wp-content\/uploads\/2023\/12\/2_1.png'><img decoding=\"async\" width=\"150\" height=\"150\" src=\"https:\/\/nazaret.org\/wp-content\/uploads\/2023\/12\/2_1-150x150.png\" class=\"attachment-thumbnail size-thumbnail\" alt=\"\" aria-describedby=\"gallery-1-5147\" srcset=\"https:\/\/nazaret.org\/wp-content\/uploads\/2023\/12\/2_1-150x150.png 150w, https:\/\/nazaret.org\/wp-content\/uploads\/2023\/12\/2_1-300x300.png 300w\" sizes=\"(max-width: 150px) 100vw, 150px\" \/><\/a>\n\t\t\t<\/div>\n\t\t\t\t<figcaption class='wp-caption-text gallery-caption' id='gallery-1-5147'>\n\t\t\t\tAustralia (year of first foundation: 2014). Darwin. Community chapel\n\t\t\t\t<\/figcaption><\/figure><figure class='gallery-item'>\n\t\t\t<div class='gallery-icon portrait'>\n\t\t\t\t<a data-elementor-open-lightbox=\"yes\" data-elementor-lightbox-slideshow=\"6c1f3ba\" data-elementor-lightbox-title=\"2_2\" data-e-action-hash=\"#elementor-action%3Aaction%3Dlightbox%26settings%3DeyJpZCI6NTE0OCwidXJsIjoiaHR0cHM6XC9cL25hemFyZXQub3JnXC93cC1jb250ZW50XC91cGxvYWRzXC8yMDIzXC8xMlwvMl8yLnBuZyIsInNsaWRlc2hvdyI6IjZjMWYzYmEifQ%3D%3D\" href='https:\/\/nazaret.org\/wp-content\/uploads\/2023\/12\/2_2.png'><img loading=\"lazy\" decoding=\"async\" width=\"150\" height=\"150\" src=\"https:\/\/nazaret.org\/wp-content\/uploads\/2023\/12\/2_2-150x150.png\" class=\"attachment-thumbnail size-thumbnail\" alt=\"\" aria-describedby=\"gallery-1-5148\" srcset=\"https:\/\/nazaret.org\/wp-content\/uploads\/2023\/12\/2_2-150x150.png 150w, https:\/\/nazaret.org\/wp-content\/uploads\/2023\/12\/2_2-300x300.png 300w, https:\/\/nazaret.org\/wp-content\/uploads\/2023\/12\/2_2-12x12.png 12w\" sizes=\"(max-width: 150px) 100vw, 150px\" \/><\/a>\n\t\t\t<\/div>\n\t\t\t\t<figcaption class='wp-caption-text gallery-caption' id='gallery-1-5148'>\n\t\t\t\tEcuador (year of first foundation: 1997). Fe y Alegr\u00eda logo.\n\t\t\t\t<\/figcaption><\/figure><figure class='gallery-item'>\n\t\t\t<div class='gallery-icon portrait'>\n\t\t\t\t<a data-elementor-open-lightbox=\"yes\" data-elementor-lightbox-slideshow=\"6c1f3ba\" data-elementor-lightbox-title=\"2_3\" data-e-action-hash=\"#elementor-action%3Aaction%3Dlightbox%26settings%3DeyJpZCI6NTE0OSwidXJsIjoiaHR0cHM6XC9cL25hemFyZXQub3JnXC93cC1jb250ZW50XC91cGxvYWRzXC8yMDIzXC8xMlwvMl8zLnBuZyIsInNsaWRlc2hvdyI6IjZjMWYzYmEifQ%3D%3D\" href='https:\/\/nazaret.org\/wp-content\/uploads\/2023\/12\/2_3.png'><img loading=\"lazy\" decoding=\"async\" width=\"150\" height=\"150\" src=\"https:\/\/nazaret.org\/wp-content\/uploads\/2023\/12\/2_3-150x150.png\" class=\"attachment-thumbnail size-thumbnail\" alt=\"\" aria-describedby=\"gallery-1-5149\" srcset=\"https:\/\/nazaret.org\/wp-content\/uploads\/2023\/12\/2_3-150x150.png 150w, https:\/\/nazaret.org\/wp-content\/uploads\/2023\/12\/2_3-300x300.png 300w, https:\/\/nazaret.org\/wp-content\/uploads\/2023\/12\/2_3-11x12.png 11w\" sizes=\"(max-width: 150px) 100vw, 150px\" \/><\/a>\n\t\t\t<\/div>\n\t\t\t\t<figcaption class='wp-caption-text gallery-caption' id='gallery-1-5149'>\n\t\t\t\tVenezuela (year of first foundation: 1953). Zulian crafts: Guajiro tapestry.\n\t\t\t\t<\/figcaption><\/figure><figure class='gallery-item'>\n\t\t\t<div class='gallery-icon portrait'>\n\t\t\t\t<a data-elementor-open-lightbox=\"yes\" data-elementor-lightbox-slideshow=\"6c1f3ba\" data-elementor-lightbox-title=\"2_4\" data-e-action-hash=\"#elementor-action%3Aaction%3Dlightbox%26settings%3DeyJpZCI6NTE1MCwidXJsIjoiaHR0cHM6XC9cL25hemFyZXQub3JnXC93cC1jb250ZW50XC91cGxvYWRzXC8yMDIzXC8xMlwvMl80LnBuZyIsInNsaWRlc2hvdyI6IjZjMWYzYmEifQ%3D%3D\" href='https:\/\/nazaret.org\/wp-content\/uploads\/2023\/12\/2_4.png'><img loading=\"lazy\" decoding=\"async\" width=\"150\" height=\"150\" src=\"https:\/\/nazaret.org\/wp-content\/uploads\/2023\/12\/2_4-150x150.png\" class=\"attachment-thumbnail size-thumbnail\" alt=\"\" aria-describedby=\"gallery-1-5150\" srcset=\"https:\/\/nazaret.org\/wp-content\/uploads\/2023\/12\/2_4-150x150.png 150w, https:\/\/nazaret.org\/wp-content\/uploads\/2023\/12\/2_4-300x300.png 300w\" sizes=\"(max-width: 150px) 100vw, 150px\" \/><\/a>\n\t\t\t<\/div>\n\t\t\t\t<figcaption class='wp-caption-text gallery-caption' id='gallery-1-5150'>\n\t\t\t\tTimor (year of first foundation: 2019). Tais.\n\t\t\t\t<\/figcaption><\/figure>\n\t\t<\/div>\n\t\t<\/div>\n\t\t\t\t\t\t<\/div>\n\t\t\t\t<\/div>\n\t\t\t\t\t<\/div>\n\t\t<\/div>\n\t\t\t\t\t<\/div>\n\t\t<\/section>\n\t\t\t\t<section class=\"elementor-section elementor-top-section elementor-element elementor-element-f71f56e elementor-section-boxed elementor-section-height-default elementor-section-height-default\" data-id=\"f71f56e\" data-element_type=\"section\" data-e-type=\"section\">\n\t\t\t\t\t\t<div class=\"elementor-container elementor-column-gap-default\">\n\t\t\t\t\t<div class=\"elementor-column elementor-col-33 elementor-top-column elementor-element elementor-element-ebd8ea7\" data-id=\"ebd8ea7\" data-element_type=\"column\" data-e-type=\"column\">\n\t\t\t<div class=\"elementor-widget-wrap elementor-element-populated\">\n\t\t\t\t\t\t<div class=\"elementor-element elementor-element-37a7305 elementor-widget elementor-widget-image\" data-id=\"37a7305\" data-element_type=\"widget\" data-e-type=\"widget\" data-widget_type=\"image.default\">\n\t\t\t\t<div class=\"elementor-widget-container\">\n\t\t\t\t\t\t\t\t\t\t\t\t\t\t\t<img loading=\"lazy\" decoding=\"async\" width=\"800\" height=\"800\" src=\"https:\/\/nazaret.org\/wp-content\/uploads\/2023\/12\/3-min-1024x1024.png\" class=\"attachment-large size-large wp-image-5142\" alt=\"\" srcset=\"https:\/\/nazaret.org\/wp-content\/uploads\/2023\/12\/3-min-1024x1024.png 1024w, https:\/\/nazaret.org\/wp-content\/uploads\/2023\/12\/3-min-300x300.png 300w, https:\/\/nazaret.org\/wp-content\/uploads\/2023\/12\/3-min-150x150.png 150w, https:\/\/nazaret.org\/wp-content\/uploads\/2023\/12\/3-min-768x768.png 768w, https:\/\/nazaret.org\/wp-content\/uploads\/2023\/12\/3-min-1536x1536.png 1536w, https:\/\/nazaret.org\/wp-content\/uploads\/2023\/12\/3-min-12x12.png 12w, https:\/\/nazaret.org\/wp-content\/uploads\/2023\/12\/3-min.png 1920w\" sizes=\"(max-width: 800px) 100vw, 800px\" \/>\t\t\t\t\t\t\t\t\t\t\t\t\t\t\t<\/div>\n\t\t\t\t<\/div>\n\t\t\t\t\t<\/div>\n\t\t<\/div>\n\t\t\t\t<div class=\"elementor-column elementor-col-66 elementor-top-column elementor-element elementor-element-16afc99\" data-id=\"16afc99\" data-element_type=\"column\" data-e-type=\"column\">\n\t\t\t<div class=\"elementor-widget-wrap elementor-element-populated\">\n\t\t\t\t\t\t<div class=\"elementor-element elementor-element-531fddc elementor-widget elementor-widget-image-gallery\" data-id=\"531fddc\" data-element_type=\"widget\" data-e-type=\"widget\" data-widget_type=\"image-gallery.default\">\n\t\t\t\t<div class=\"elementor-widget-container\">\n\t\t\t\t\t\t\t<div class=\"elementor-image-gallery\">\n\t\t\t<div id='gallery-2' class='gallery galleryid-5012 gallery-columns-4 gallery-size-thumbnail'><figure class='gallery-item'>\n\t\t\t<div class='gallery-icon portrait'>\n\t\t\t\t<a data-elementor-open-lightbox=\"yes\" data-elementor-lightbox-slideshow=\"531fddc\" data-elementor-lightbox-title=\"3_1\" data-e-action-hash=\"#elementor-action%3Aaction%3Dlightbox%26settings%3DeyJpZCI6NTE1NCwidXJsIjoiaHR0cHM6XC9cL25hemFyZXQub3JnXC93cC1jb250ZW50XC91cGxvYWRzXC8yMDIzXC8xMlwvM18xLnBuZyIsInNsaWRlc2hvdyI6IjUzMWZkZGMifQ%3D%3D\" href='https:\/\/nazaret.org\/wp-content\/uploads\/2023\/12\/3_1.png'><img loading=\"lazy\" decoding=\"async\" width=\"150\" height=\"150\" src=\"https:\/\/nazaret.org\/wp-content\/uploads\/2023\/12\/3_1-150x150.png\" class=\"attachment-thumbnail size-thumbnail\" alt=\"\" aria-describedby=\"gallery-2-5154\" srcset=\"https:\/\/nazaret.org\/wp-content\/uploads\/2023\/12\/3_1-150x150.png 150w, https:\/\/nazaret.org\/wp-content\/uploads\/2023\/12\/3_1-300x300.png 300w\" sizes=\"(max-width: 150px) 100vw, 150px\" \/><\/a>\n\t\t\t<\/div>\n\t\t\t\t<figcaption class='wp-caption-text gallery-caption' id='gallery-2-5154'>\n\t\t\t\tSpain (year of first foundation: 1874). La Sagrera. Altarpiece of Our Lady of the Angels. Currently preserved in Aiguafreda.\n\t\t\t\t<\/figcaption><\/figure><figure class='gallery-item'>\n\t\t\t<div class='gallery-icon portrait'>\n\t\t\t\t<a data-elementor-open-lightbox=\"yes\" data-elementor-lightbox-slideshow=\"531fddc\" data-elementor-lightbox-title=\"3_2\" data-e-action-hash=\"#elementor-action%3Aaction%3Dlightbox%26settings%3DeyJpZCI6NTE1NSwidXJsIjoiaHR0cHM6XC9cL25hemFyZXQub3JnXC93cC1jb250ZW50XC91cGxvYWRzXC8yMDIzXC8xMlwvM18yLnBuZyIsInNsaWRlc2hvdyI6IjUzMWZkZGMifQ%3D%3D\" href='https:\/\/nazaret.org\/wp-content\/uploads\/2023\/12\/3_2.png'><img loading=\"lazy\" decoding=\"async\" width=\"150\" height=\"150\" src=\"https:\/\/nazaret.org\/wp-content\/uploads\/2023\/12\/3_2-150x150.png\" class=\"attachment-thumbnail size-thumbnail\" alt=\"\" aria-describedby=\"gallery-2-5155\" srcset=\"https:\/\/nazaret.org\/wp-content\/uploads\/2023\/12\/3_2-150x150.png 150w, https:\/\/nazaret.org\/wp-content\/uploads\/2023\/12\/3_2-300x300.png 300w\" sizes=\"(max-width: 150px) 100vw, 150px\" \/><\/a>\n\t\t\t<\/div>\n\t\t\t\t<figcaption class='wp-caption-text gallery-caption' id='gallery-2-5155'>\n\t\t\t\tColombia (year of first foundation: 1952). Columbus. Painting of the Divine Shepherdess in the house chapel.\n\t\t\t\t<\/figcaption><\/figure><figure class='gallery-item'>\n\t\t\t<div class='gallery-icon portrait'>\n\t\t\t\t<a data-elementor-open-lightbox=\"yes\" data-elementor-lightbox-slideshow=\"531fddc\" data-elementor-lightbox-title=\"3_3\" data-e-action-hash=\"#elementor-action%3Aaction%3Dlightbox%26settings%3DeyJpZCI6NTE1MiwidXJsIjoiaHR0cHM6XC9cL25hemFyZXQub3JnXC93cC1jb250ZW50XC91cGxvYWRzXC8yMDIzXC8xMlwvM18zLTEucG5nIiwic2xpZGVzaG93IjoiNTMxZmRkYyJ9\" href='https:\/\/nazaret.org\/wp-content\/uploads\/2023\/12\/3_3-1.png'><img loading=\"lazy\" decoding=\"async\" width=\"150\" height=\"150\" src=\"https:\/\/nazaret.org\/wp-content\/uploads\/2023\/12\/3_3-1-150x150.png\" class=\"attachment-thumbnail size-thumbnail\" alt=\"\" aria-describedby=\"gallery-2-5152\" srcset=\"https:\/\/nazaret.org\/wp-content\/uploads\/2023\/12\/3_3-1-150x150.png 150w, https:\/\/nazaret.org\/wp-content\/uploads\/2023\/12\/3_3-1-300x300.png 300w\" sizes=\"(max-width: 150px) 100vw, 150px\" \/><\/a>\n\t\t\t<\/div>\n\t\t\t\t<figcaption class='wp-caption-text gallery-caption' id='gallery-2-5152'>\n\t\t\t\tCameroon (year of first foundation: 1969). Loum. Tabernacle of the current community chapel.\n\t\t\t\t<\/figcaption><\/figure>\n\t\t<\/div>\n\t\t<\/div>\n\t\t\t\t\t\t<\/div>\n\t\t\t\t<\/div>\n\t\t\t\t\t<\/div>\n\t\t<\/div>\n\t\t\t\t\t<\/div>\n\t\t<\/section>\n\t\t\t\t<section class=\"elementor-section elementor-top-section elementor-element elementor-element-23958ee elementor-section-boxed elementor-section-height-default elementor-section-height-default\" data-id=\"23958ee\" data-element_type=\"section\" data-e-type=\"section\">\n\t\t\t\t\t\t<div class=\"elementor-container elementor-column-gap-default\">\n\t\t\t\t\t<div class=\"elementor-column elementor-col-33 elementor-top-column elementor-element elementor-element-b69e712\" data-id=\"b69e712\" data-element_type=\"column\" data-e-type=\"column\">\n\t\t\t<div class=\"elementor-widget-wrap elementor-element-populated\">\n\t\t\t\t\t\t<div class=\"elementor-element elementor-element-0b87f73 elementor-widget elementor-widget-image\" data-id=\"0b87f73\" data-element_type=\"widget\" data-e-type=\"widget\" data-widget_type=\"image.default\">\n\t\t\t\t<div class=\"elementor-widget-container\">\n\t\t\t\t\t\t\t\t\t\t\t\t\t\t\t<img loading=\"lazy\" decoding=\"async\" width=\"800\" height=\"800\" src=\"https:\/\/nazaret.org\/wp-content\/uploads\/2023\/12\/4-min-1024x1024.png\" class=\"attachment-large size-large wp-image-5143\" alt=\"\" srcset=\"https:\/\/nazaret.org\/wp-content\/uploads\/2023\/12\/4-min-1024x1024.png 1024w, https:\/\/nazaret.org\/wp-content\/uploads\/2023\/12\/4-min-300x300.png 300w, https:\/\/nazaret.org\/wp-content\/uploads\/2023\/12\/4-min-150x150.png 150w, https:\/\/nazaret.org\/wp-content\/uploads\/2023\/12\/4-min-768x768.png 768w, https:\/\/nazaret.org\/wp-content\/uploads\/2023\/12\/4-min-1536x1536.png 1536w, https:\/\/nazaret.org\/wp-content\/uploads\/2023\/12\/4-min-12x12.png 12w, https:\/\/nazaret.org\/wp-content\/uploads\/2023\/12\/4-min.png 1920w\" sizes=\"(max-width: 800px) 100vw, 800px\" \/>\t\t\t\t\t\t\t\t\t\t\t\t\t\t\t<\/div>\n\t\t\t\t<\/div>\n\t\t\t\t\t<\/div>\n\t\t<\/div>\n\t\t\t\t<div class=\"elementor-column elementor-col-66 elementor-top-column elementor-element elementor-element-3ca8e10\" data-id=\"3ca8e10\" data-element_type=\"column\" data-e-type=\"column\">\n\t\t\t<div class=\"elementor-widget-wrap elementor-element-populated\">\n\t\t\t\t\t\t<div class=\"elementor-element elementor-element-c88143f elementor-widget elementor-widget-image-gallery\" data-id=\"c88143f\" data-element_type=\"widget\" data-e-type=\"widget\" data-widget_type=\"image-gallery.default\">\n\t\t\t\t<div class=\"elementor-widget-container\">\n\t\t\t\t\t\t\t<div class=\"elementor-image-gallery\">\n\t\t\t<div id='gallery-3' class='gallery galleryid-5012 gallery-columns-4 gallery-size-thumbnail'><figure class='gallery-item'>\n\t\t\t<div class='gallery-icon landscape'>\n\t\t\t\t<a data-elementor-open-lightbox=\"yes\" data-elementor-lightbox-slideshow=\"c88143f\" data-elementor-lightbox-title=\"4_1\" data-e-action-hash=\"#elementor-action%3Aaction%3Dlightbox%26settings%3DeyJpZCI6NTE1NiwidXJsIjoiaHR0cHM6XC9cL25hemFyZXQub3JnXC93cC1jb250ZW50XC91cGxvYWRzXC8yMDIzXC8xMlwvNF8xLnBuZyIsInNsaWRlc2hvdyI6ImM4ODE0M2YifQ%3D%3D\" href='https:\/\/nazaret.org\/wp-content\/uploads\/2023\/12\/4_1.png'><img loading=\"lazy\" decoding=\"async\" width=\"150\" height=\"150\" src=\"https:\/\/nazaret.org\/wp-content\/uploads\/2023\/12\/4_1-150x150.png\" class=\"attachment-thumbnail size-thumbnail\" alt=\"\" aria-describedby=\"gallery-3-5156\" srcset=\"https:\/\/nazaret.org\/wp-content\/uploads\/2023\/12\/4_1-150x150.png 150w, https:\/\/nazaret.org\/wp-content\/uploads\/2023\/12\/4_1-300x300.png 300w\" sizes=\"(max-width: 150px) 100vw, 150px\" \/><\/a>\n\t\t\t<\/div>\n\t\t\t\t<figcaption class='wp-caption-text gallery-caption' id='gallery-3-5156'>\n\t\t\t\tBrazil (year of first foundation: 1964). Brazilian agate.\n\t\t\t\t<\/figcaption><\/figure><figure class='gallery-item'>\n\t\t\t<div class='gallery-icon landscape'>\n\t\t\t\t<a data-elementor-open-lightbox=\"yes\" data-elementor-lightbox-slideshow=\"c88143f\" data-elementor-lightbox-title=\"4_2\" data-e-action-hash=\"#elementor-action%3Aaction%3Dlightbox%26settings%3DeyJpZCI6NTE1NywidXJsIjoiaHR0cHM6XC9cL25hemFyZXQub3JnXC93cC1jb250ZW50XC91cGxvYWRzXC8yMDIzXC8xMlwvNF8yLnBuZyIsInNsaWRlc2hvdyI6ImM4ODE0M2YifQ%3D%3D\" href='https:\/\/nazaret.org\/wp-content\/uploads\/2023\/12\/4_2.png'><img loading=\"lazy\" decoding=\"async\" width=\"150\" height=\"150\" src=\"https:\/\/nazaret.org\/wp-content\/uploads\/2023\/12\/4_2-150x150.png\" class=\"attachment-thumbnail size-thumbnail\" alt=\"\" aria-describedby=\"gallery-3-5157\" srcset=\"https:\/\/nazaret.org\/wp-content\/uploads\/2023\/12\/4_2-150x150.png 150w, https:\/\/nazaret.org\/wp-content\/uploads\/2023\/12\/4_2-300x300.png 300w\" sizes=\"(max-width: 150px) 100vw, 150px\" \/><\/a>\n\t\t\t<\/div>\n\t\t\t\t<figcaption class='wp-caption-text gallery-caption' id='gallery-3-5157'>\n\t\t\t\tItaly (year of first foundation: 1985). Rome. Dome of the Basilica of San Carlo al Corso.\n\t\t\t\t<\/figcaption><\/figure><figure class='gallery-item'>\n\t\t\t<div class='gallery-icon portrait'>\n\t\t\t\t<a data-elementor-open-lightbox=\"yes\" data-elementor-lightbox-slideshow=\"c88143f\" data-elementor-lightbox-title=\"4_3\" data-e-action-hash=\"#elementor-action%3Aaction%3Dlightbox%26settings%3DeyJpZCI6NTE1OCwidXJsIjoiaHR0cHM6XC9cL25hemFyZXQub3JnXC93cC1jb250ZW50XC91cGxvYWRzXC8yMDIzXC8xMlwvNF8zLnBuZyIsInNsaWRlc2hvdyI6ImM4ODE0M2YifQ%3D%3D\" href='https:\/\/nazaret.org\/wp-content\/uploads\/2023\/12\/4_3.png'><img loading=\"lazy\" decoding=\"async\" width=\"150\" height=\"150\" src=\"https:\/\/nazaret.org\/wp-content\/uploads\/2023\/12\/4_3-150x150.png\" class=\"attachment-thumbnail size-thumbnail\" alt=\"\" aria-describedby=\"gallery-3-5158\" srcset=\"https:\/\/nazaret.org\/wp-content\/uploads\/2023\/12\/4_3-150x150.png 150w, https:\/\/nazaret.org\/wp-content\/uploads\/2023\/12\/4_3-300x300.png 300w, https:\/\/nazaret.org\/wp-content\/uploads\/2023\/12\/4_3-1022x1024.png 1022w, https:\/\/nazaret.org\/wp-content\/uploads\/2023\/12\/4_3-768x769.png 768w, https:\/\/nazaret.org\/wp-content\/uploads\/2023\/12\/4_3-12x12.png 12w, https:\/\/nazaret.org\/wp-content\/uploads\/2023\/12\/4_3.png 1255w\" sizes=\"(max-width: 150px) 100vw, 150px\" \/><\/a>\n\t\t\t<\/div>\n\t\t\t\t<figcaption class='wp-caption-text gallery-caption' id='gallery-3-5158'>\n\t\t\t\tParaguay (year of first foundation: 1983). Guampa.\n\t\t\t\t<\/figcaption><\/figure>\n\t\t<\/div>\n\t\t<\/div>\n\t\t\t\t\t\t<\/div>\n\t\t\t\t<\/div>\n\t\t\t\t\t<\/div>\n\t\t<\/div>\n\t\t\t\t\t<\/div>\n\t\t<\/section>\n\t\t\t\t<\/div>","protected":false},"excerpt":{"rendered":"<p>Indonesia (a\u00f1o de la 1\u00aa fundaci\u00f3n: 2015). Ende. Sagrario de la capilla de la comunidad. Australia (a\u00f1o de la 1\u00aa fundaci\u00f3n: 2014). Darwin. Capilla de la comunidad Ecuador (a\u00f1o de la 1\u00aa fundaci\u00f3n: 1997). Logo de Fe y Alegr\u00eda. Venezuela (a\u00f1o de la 1\u00aa fundaci\u00f3n: 1953). Artesan\u00eda zuliana: Tapiz guajiro. Timor (a\u00f1o de la 1\u00aa [&hellip;]<\/p>\n","protected":false},"author":1,"featured_media":0,"parent":0,"menu_order":0,"comment_status":"closed","ping_status":"closed","template":"","meta":{"footnotes":""},"class_list":["post-5012","page","type-page","status-publish","hentry"],"_links":{"self":[{"href":"https:\/\/nazaret.org\/en\/wp-json\/wp\/v2\/pages\/5012","targetHints":{"allow":["GET"]}}],"collection":[{"href":"https:\/\/nazaret.org\/en\/wp-json\/wp\/v2\/pages"}],"about":[{"href":"https:\/\/nazaret.org\/en\/wp-json\/wp\/v2\/types\/page"}],"author":[{"embeddable":true,"href":"https:\/\/nazaret.org\/en\/wp-json\/wp\/v2\/users\/1"}],"replies":[{"embeddable":true,"href":"https:\/\/nazaret.org\/en\/wp-json\/wp\/v2\/comments?post=5012"}],"version-history":[{"count":0,"href":"https:\/\/nazaret.org\/en\/wp-json\/wp\/v2\/pages\/5012\/revisions"}],"wp:attachment":[{"href":"https:\/\/nazaret.org\/en\/wp-json\/wp\/v2\/media?parent=5012"}],"curies":[{"name":"wp","href":"https:\/\/api.w.org\/{rel}","templated":true}]}}