{"id":4860,"date":"2023-10-25T05:52:51","date_gmt":"2023-10-25T05:52:51","guid":{"rendered":"https:\/\/nazaret.org\/?page_id=4860"},"modified":"2023-12-23T13:11:53","modified_gmt":"2023-12-23T13:11:53","slug":"exposicion","status":"publish","type":"page","link":"https:\/\/nazaret.org\/en\/exposicion\/","title":{"rendered":"Exposure"},"content":{"rendered":"<div data-elementor-type=\"wp-page\" data-elementor-id=\"4860\" class=\"elementor elementor-4860\" data-elementor-post-type=\"page\">\n\t\t\t\t\t\t<section class=\"elementor-section elementor-top-section elementor-element elementor-element-51a5c70 elementor-section-boxed elementor-section-height-default elementor-section-height-default\" data-id=\"51a5c70\" data-element_type=\"section\" data-e-type=\"section\">\n\t\t\t\t\t\t<div class=\"elementor-container elementor-column-gap-default\">\n\t\t\t\t\t<div class=\"elementor-column elementor-col-100 elementor-top-column elementor-element elementor-element-6a7ed10\" data-id=\"6a7ed10\" data-element_type=\"column\" data-e-type=\"column\">\n\t\t\t<div class=\"elementor-widget-wrap elementor-element-populated\">\n\t\t\t\t\t\t<div class=\"elementor-element elementor-element-62d702b elementor-widget elementor-widget-heading\" data-id=\"62d702b\" data-element_type=\"widget\" data-e-type=\"widget\" data-widget_type=\"heading.default\">\n\t\t\t\t<div class=\"elementor-widget-container\">\n\t\t\t\t\t<h2 class=\"elementor-heading-title elementor-size-default\">Exhibition &quot;REFLECTIONS OF TIME&quot;<\/h2>\t\t\t\t<\/div>\n\t\t\t\t<\/div>\n\t\t\t\t<div class=\"elementor-element elementor-element-071ffe5 elementor-widget elementor-widget-text-editor\" data-id=\"071ffe5\" data-element_type=\"widget\" data-e-type=\"widget\" data-widget_type=\"text-editor.default\">\n\t\t\t\t<div class=\"elementor-widget-container\">\n\t\t\t\t\t\t\t\t\t<p>On the occasion of the celebration of the 150th anniversary of the founding of the Missionary Daughters of the Holy Family of Nazareth, the exhibition &quot;Reflections of Time&quot; is being installed.<\/p><p>It is a collection of objects that have populated the history of the Congregation in the light of ten categories: founding countries, transportation, daily life, music, religious objects, education, habits, documents and architectural elements.<\/p><p>Today we can illuminate the present time with the wisdom of the stories that precede us. Each piece tells us about a place and a time that expands our here and now.<\/p><p>We hope that this journey will help us to live in such a way that we are worthy of the legacy left to us by those who preceded us, while at the same time being a source of inspiration and strength for those who come after us.<\/p>\t\t\t\t\t\t\t\t<\/div>\n\t\t\t\t<\/div>\n\t\t\t\t\t<\/div>\n\t\t<\/div>\n\t\t\t\t\t<\/div>\n\t\t<\/section>\n\t\t\t\t<section class=\"elementor-section elementor-top-section elementor-element elementor-element-e720823 elementor-section-boxed elementor-section-height-default elementor-section-height-default\" data-id=\"e720823\" data-element_type=\"section\" data-e-type=\"section\">\n\t\t\t\t\t\t<div class=\"elementor-container elementor-column-gap-default\">\n\t\t\t\t\t<div class=\"elementor-column elementor-col-25 elementor-top-column elementor-element elementor-element-1eb5f80\" data-id=\"1eb5f80\" data-element_type=\"column\" data-e-type=\"column\">\n\t\t\t<div class=\"elementor-widget-wrap elementor-element-populated\">\n\t\t\t\t\t\t<div class=\"elementor-element elementor-element-2e08665 elementor-widget elementor-widget-image\" data-id=\"2e08665\" data-element_type=\"widget\" data-e-type=\"widget\" data-widget_type=\"image.default\">\n\t\t\t\t<div class=\"elementor-widget-container\">\n\t\t\t\t\t\t\t\t\t\t\t\t\t\t\t\t<a href=\"\/en\/exposicion-vidacotidiana\/\">\n\t\t\t\t\t\t\t<img fetchpriority=\"high\" decoding=\"async\" width=\"800\" height=\"800\" src=\"https:\/\/nazaret.org\/wp-content\/uploads\/2023\/10\/17_naz-1024x1024.jpg\" class=\"attachment-large size-large wp-image-4871\" alt=\"\" srcset=\"https:\/\/nazaret.org\/wp-content\/uploads\/2023\/10\/17_naz-1024x1024.jpg 1024w, https:\/\/nazaret.org\/wp-content\/uploads\/2023\/10\/17_naz-300x300.jpg 300w, https:\/\/nazaret.org\/wp-content\/uploads\/2023\/10\/17_naz-150x150.jpg 150w, https:\/\/nazaret.org\/wp-content\/uploads\/2023\/10\/17_naz-768x768.jpg 768w, https:\/\/nazaret.org\/wp-content\/uploads\/2023\/10\/17_naz-1536x1536.jpg 1536w, https:\/\/nazaret.org\/wp-content\/uploads\/2023\/10\/17_naz-12x12.jpg 12w, https:\/\/nazaret.org\/wp-content\/uploads\/2023\/10\/17_naz.jpg 1920w\" sizes=\"(max-width: 800px) 100vw, 800px\" \/>\t\t\t\t\t\t\t\t<\/a>\n\t\t\t\t\t\t\t\t\t\t\t\t\t\t\t<\/div>\n\t\t\t\t<\/div>\n\t\t\t\t\t<\/div>\n\t\t<\/div>\n\t\t\t\t<div class=\"elementor-column elementor-col-25 elementor-top-column elementor-element elementor-element-7a098b7\" data-id=\"7a098b7\" data-element_type=\"column\" data-e-type=\"column\">\n\t\t\t<div class=\"elementor-widget-wrap elementor-element-populated\">\n\t\t\t\t\t\t<div class=\"elementor-element elementor-element-c743b2b elementor-widget elementor-widget-image\" data-id=\"c743b2b\" data-element_type=\"widget\" data-e-type=\"widget\" data-widget_type=\"image.default\">\n\t\t\t\t<div class=\"elementor-widget-container\">\n\t\t\t\t\t\t\t\t\t\t\t\t\t\t\t\t<a href=\"http:\/\/nazaret.org\/en\/exposicion-fundaciones\/\">\n\t\t\t\t\t\t\t<img decoding=\"async\" width=\"800\" height=\"800\" src=\"https:\/\/nazaret.org\/wp-content\/uploads\/2023\/12\/1-_fundaciones-1024x1024.png\" class=\"attachment-large size-large wp-image-5108\" alt=\"\" srcset=\"https:\/\/nazaret.org\/wp-content\/uploads\/2023\/12\/1-_fundaciones-1024x1024.png 1024w, https:\/\/nazaret.org\/wp-content\/uploads\/2023\/12\/1-_fundaciones-300x300.png 300w, https:\/\/nazaret.org\/wp-content\/uploads\/2023\/12\/1-_fundaciones-150x150.png 150w, https:\/\/nazaret.org\/wp-content\/uploads\/2023\/12\/1-_fundaciones-768x768.png 768w, https:\/\/nazaret.org\/wp-content\/uploads\/2023\/12\/1-_fundaciones-1536x1536.png 1536w, https:\/\/nazaret.org\/wp-content\/uploads\/2023\/12\/1-_fundaciones-12x12.png 12w, https:\/\/nazaret.org\/wp-content\/uploads\/2023\/12\/1-_fundaciones.png 1920w\" sizes=\"(max-width: 800px) 100vw, 800px\" \/>\t\t\t\t\t\t\t\t<\/a>\n\t\t\t\t\t\t\t\t\t\t\t\t\t\t\t<\/div>\n\t\t\t\t<\/div>\n\t\t\t\t\t<\/div>\n\t\t<\/div>\n\t\t\t\t<div class=\"elementor-column elementor-col-25 elementor-top-column elementor-element elementor-element-fcc7dde\" data-id=\"fcc7dde\" data-element_type=\"column\" data-e-type=\"column\">\n\t\t\t<div class=\"elementor-widget-wrap elementor-element-populated\">\n\t\t\t\t\t\t<div class=\"elementor-element elementor-element-cd5009b elementor-widget elementor-widget-image\" data-id=\"cd5009b\" data-element_type=\"widget\" data-e-type=\"widget\" data-widget_type=\"image.default\">\n\t\t\t\t<div class=\"elementor-widget-container\">\n\t\t\t\t\t\t\t\t\t\t\t\t\t\t\t\t<a href=\"https:\/\/nazaret.org\/en\/exposicion-publicaciones\/\">\n\t\t\t\t\t\t\t<img decoding=\"async\" width=\"800\" height=\"800\" src=\"https:\/\/nazaret.org\/wp-content\/uploads\/2023\/12\/5_publicaciones-1024x1024.png\" class=\"attachment-large size-large wp-image-5104\" alt=\"\" srcset=\"https:\/\/nazaret.org\/wp-content\/uploads\/2023\/12\/5_publicaciones-1024x1024.png 1024w, https:\/\/nazaret.org\/wp-content\/uploads\/2023\/12\/5_publicaciones-300x300.png 300w, https:\/\/nazaret.org\/wp-content\/uploads\/2023\/12\/5_publicaciones-150x150.png 150w, https:\/\/nazaret.org\/wp-content\/uploads\/2023\/12\/5_publicaciones-768x768.png 768w, https:\/\/nazaret.org\/wp-content\/uploads\/2023\/12\/5_publicaciones-1536x1536.png 1536w, https:\/\/nazaret.org\/wp-content\/uploads\/2023\/12\/5_publicaciones-12x12.png 12w, https:\/\/nazaret.org\/wp-content\/uploads\/2023\/12\/5_publicaciones.png 1920w\" sizes=\"(max-width: 800px) 100vw, 800px\" \/>\t\t\t\t\t\t\t\t<\/a>\n\t\t\t\t\t\t\t\t\t\t\t\t\t\t\t<\/div>\n\t\t\t\t<\/div>\n\t\t\t\t\t<\/div>\n\t\t<\/div>\n\t\t\t\t<div class=\"elementor-column elementor-col-25 elementor-top-column elementor-element elementor-element-c72e1dd\" data-id=\"c72e1dd\" data-element_type=\"column\" data-e-type=\"column\">\n\t\t\t<div class=\"elementor-widget-wrap elementor-element-populated\">\n\t\t\t\t\t\t<div class=\"elementor-element elementor-element-a8d9165 elementor-widget elementor-widget-image\" data-id=\"a8d9165\" data-element_type=\"widget\" data-e-type=\"widget\" data-widget_type=\"image.default\">\n\t\t\t\t<div class=\"elementor-widget-container\">\n\t\t\t\t\t\t\t\t\t\t\t\t\t\t\t\t<a href=\"https:\/\/nazaret.org\/en\/exposicion-objetos-religiosos\/\">\n\t\t\t\t\t\t\t<img loading=\"lazy\" decoding=\"async\" width=\"800\" height=\"800\" src=\"https:\/\/nazaret.org\/wp-content\/uploads\/2023\/12\/9_objetos-religiosos-1024x1024.png\" class=\"attachment-large size-large wp-image-5112\" alt=\"\" srcset=\"https:\/\/nazaret.org\/wp-content\/uploads\/2023\/12\/9_objetos-religiosos-1024x1024.png 1024w, https:\/\/nazaret.org\/wp-content\/uploads\/2023\/12\/9_objetos-religiosos-300x300.png 300w, https:\/\/nazaret.org\/wp-content\/uploads\/2023\/12\/9_objetos-religiosos-150x150.png 150w, https:\/\/nazaret.org\/wp-content\/uploads\/2023\/12\/9_objetos-religiosos-768x768.png 768w, https:\/\/nazaret.org\/wp-content\/uploads\/2023\/12\/9_objetos-religiosos-1536x1536.png 1536w, https:\/\/nazaret.org\/wp-content\/uploads\/2023\/12\/9_objetos-religiosos-12x12.png 12w, https:\/\/nazaret.org\/wp-content\/uploads\/2023\/12\/9_objetos-religiosos.png 1920w\" sizes=\"(max-width: 800px) 100vw, 800px\" \/>\t\t\t\t\t\t\t\t<\/a>\n\t\t\t\t\t\t\t\t\t\t\t\t\t\t\t<\/div>\n\t\t\t\t<\/div>\n\t\t\t\t\t<\/div>\n\t\t<\/div>\n\t\t\t\t\t<\/div>\n\t\t<\/section>\n\t\t\t\t<section class=\"elementor-section elementor-top-section elementor-element elementor-element-2901fca elementor-section-boxed elementor-section-height-default elementor-section-height-default\" data-id=\"2901fca\" data-element_type=\"section\" data-e-type=\"section\">\n\t\t\t\t\t\t<div class=\"elementor-container elementor-column-gap-default\">\n\t\t\t\t\t<div class=\"elementor-column elementor-col-25 elementor-top-column elementor-element elementor-element-4290215\" data-id=\"4290215\" data-element_type=\"column\" data-e-type=\"column\">\n\t\t\t<div class=\"elementor-widget-wrap elementor-element-populated\">\n\t\t\t\t\t\t<div class=\"elementor-element elementor-element-118922f elementor-widget elementor-widget-image\" data-id=\"118922f\" data-element_type=\"widget\" data-e-type=\"widget\" data-widget_type=\"image.default\">\n\t\t\t\t<div class=\"elementor-widget-container\">\n\t\t\t\t\t\t\t\t\t\t\t\t\t\t\t\t<a href=\"\/en\/exposicion-arquitectura\/\">\n\t\t\t\t\t\t\t<img loading=\"lazy\" decoding=\"async\" width=\"800\" height=\"800\" src=\"https:\/\/nazaret.org\/wp-content\/uploads\/2023\/12\/13_arquitectonicos-1024x1024.png\" class=\"attachment-large size-large wp-image-5113\" alt=\"\" srcset=\"https:\/\/nazaret.org\/wp-content\/uploads\/2023\/12\/13_arquitectonicos-1024x1024.png 1024w, https:\/\/nazaret.org\/wp-content\/uploads\/2023\/12\/13_arquitectonicos-300x300.png 300w, https:\/\/nazaret.org\/wp-content\/uploads\/2023\/12\/13_arquitectonicos-150x150.png 150w, https:\/\/nazaret.org\/wp-content\/uploads\/2023\/12\/13_arquitectonicos-768x768.png 768w, https:\/\/nazaret.org\/wp-content\/uploads\/2023\/12\/13_arquitectonicos-1536x1536.png 1536w, https:\/\/nazaret.org\/wp-content\/uploads\/2023\/12\/13_arquitectonicos-12x12.png 12w, https:\/\/nazaret.org\/wp-content\/uploads\/2023\/12\/13_arquitectonicos.png 1920w\" sizes=\"(max-width: 800px) 100vw, 800px\" \/>\t\t\t\t\t\t\t\t<\/a>\n\t\t\t\t\t\t\t\t\t\t\t\t\t\t\t<\/div>\n\t\t\t\t<\/div>\n\t\t\t\t\t<\/div>\n\t\t<\/div>\n\t\t\t\t<div class=\"elementor-column elementor-col-25 elementor-top-column elementor-element elementor-element-50416c0\" data-id=\"50416c0\" data-element_type=\"column\" data-e-type=\"column\">\n\t\t\t<div class=\"elementor-widget-wrap elementor-element-populated\">\n\t\t\t\t\t\t<div class=\"elementor-element elementor-element-afca0fd elementor-widget elementor-widget-image\" data-id=\"afca0fd\" data-element_type=\"widget\" data-e-type=\"widget\" data-widget_type=\"image.default\">\n\t\t\t\t<div class=\"elementor-widget-container\">\n\t\t\t\t\t\t\t\t\t\t\t\t\t\t\t\t<a href=\"http:\/\/nazaret.org\/en\/exposicion-habitos\/\">\n\t\t\t\t\t\t\t<img loading=\"lazy\" decoding=\"async\" width=\"800\" height=\"800\" src=\"https:\/\/nazaret.org\/wp-content\/uploads\/2023\/12\/24_habitos-1024x1024.png\" class=\"attachment-large size-large wp-image-5114\" alt=\"\" srcset=\"https:\/\/nazaret.org\/wp-content\/uploads\/2023\/12\/24_habitos-1024x1024.png 1024w, https:\/\/nazaret.org\/wp-content\/uploads\/2023\/12\/24_habitos-300x300.png 300w, https:\/\/nazaret.org\/wp-content\/uploads\/2023\/12\/24_habitos-150x150.png 150w, https:\/\/nazaret.org\/wp-content\/uploads\/2023\/12\/24_habitos-768x768.png 768w, https:\/\/nazaret.org\/wp-content\/uploads\/2023\/12\/24_habitos-1536x1536.png 1536w, https:\/\/nazaret.org\/wp-content\/uploads\/2023\/12\/24_habitos-12x12.png 12w, https:\/\/nazaret.org\/wp-content\/uploads\/2023\/12\/24_habitos.png 1920w\" sizes=\"(max-width: 800px) 100vw, 800px\" \/>\t\t\t\t\t\t\t\t<\/a>\n\t\t\t\t\t\t\t\t\t\t\t\t\t\t\t<\/div>\n\t\t\t\t<\/div>\n\t\t\t\t\t<\/div>\n\t\t<\/div>\n\t\t\t\t<div class=\"elementor-column elementor-col-25 elementor-top-column elementor-element elementor-element-7bc8770\" data-id=\"7bc8770\" data-element_type=\"column\" data-e-type=\"column\">\n\t\t\t<div class=\"elementor-widget-wrap elementor-element-populated\">\n\t\t\t\t\t\t<div class=\"elementor-element elementor-element-df6d241 elementor-widget elementor-widget-image\" data-id=\"df6d241\" data-element_type=\"widget\" data-e-type=\"widget\" data-widget_type=\"image.default\">\n\t\t\t\t<div class=\"elementor-widget-container\">\n\t\t\t\t\t\t\t\t\t\t\t\t\t\t\t\t<a href=\"https:\/\/nazaret.org\/en\/exposicion-educacion\/\">\n\t\t\t\t\t\t\t<img loading=\"lazy\" decoding=\"async\" width=\"800\" height=\"800\" src=\"https:\/\/nazaret.org\/wp-content\/uploads\/2023\/12\/30_educacion-1024x1024.png\" class=\"attachment-large size-large wp-image-5115\" alt=\"\" srcset=\"https:\/\/nazaret.org\/wp-content\/uploads\/2023\/12\/30_educacion-1024x1024.png 1024w, https:\/\/nazaret.org\/wp-content\/uploads\/2023\/12\/30_educacion-300x300.png 300w, https:\/\/nazaret.org\/wp-content\/uploads\/2023\/12\/30_educacion-150x150.png 150w, https:\/\/nazaret.org\/wp-content\/uploads\/2023\/12\/30_educacion-768x768.png 768w, https:\/\/nazaret.org\/wp-content\/uploads\/2023\/12\/30_educacion-1536x1536.png 1536w, https:\/\/nazaret.org\/wp-content\/uploads\/2023\/12\/30_educacion-12x12.png 12w, https:\/\/nazaret.org\/wp-content\/uploads\/2023\/12\/30_educacion.png 1920w\" sizes=\"(max-width: 800px) 100vw, 800px\" \/>\t\t\t\t\t\t\t\t<\/a>\n\t\t\t\t\t\t\t\t\t\t\t\t\t\t\t<\/div>\n\t\t\t\t<\/div>\n\t\t\t\t\t<\/div>\n\t\t<\/div>\n\t\t\t\t<div class=\"elementor-column elementor-col-25 elementor-top-column elementor-element elementor-element-c8d426d\" data-id=\"c8d426d\" data-element_type=\"column\" data-e-type=\"column\">\n\t\t\t<div class=\"elementor-widget-wrap elementor-element-populated\">\n\t\t\t\t\t\t<div class=\"elementor-element elementor-element-44e594a elementor-widget elementor-widget-image\" data-id=\"44e594a\" data-element_type=\"widget\" data-e-type=\"widget\" data-widget_type=\"image.default\">\n\t\t\t\t<div class=\"elementor-widget-container\">\n\t\t\t\t\t\t\t\t\t\t\t\t\t\t\t\t<a href=\"https:\/\/nazaret.org\/en\/exposicion-musica\/\">\n\t\t\t\t\t\t\t<img loading=\"lazy\" decoding=\"async\" width=\"800\" height=\"800\" src=\"https:\/\/nazaret.org\/wp-content\/uploads\/2023\/12\/37_musica-1024x1024.png\" class=\"attachment-large size-large wp-image-5116\" alt=\"\" srcset=\"https:\/\/nazaret.org\/wp-content\/uploads\/2023\/12\/37_musica-1024x1024.png 1024w, https:\/\/nazaret.org\/wp-content\/uploads\/2023\/12\/37_musica-300x300.png 300w, https:\/\/nazaret.org\/wp-content\/uploads\/2023\/12\/37_musica-150x150.png 150w, https:\/\/nazaret.org\/wp-content\/uploads\/2023\/12\/37_musica-768x768.png 768w, https:\/\/nazaret.org\/wp-content\/uploads\/2023\/12\/37_musica-1536x1536.png 1536w, https:\/\/nazaret.org\/wp-content\/uploads\/2023\/12\/37_musica-12x12.png 12w, https:\/\/nazaret.org\/wp-content\/uploads\/2023\/12\/37_musica.png 1920w\" sizes=\"(max-width: 800px) 100vw, 800px\" \/>\t\t\t\t\t\t\t\t<\/a>\n\t\t\t\t\t\t\t\t\t\t\t\t\t\t\t<\/div>\n\t\t\t\t<\/div>\n\t\t\t\t\t<\/div>\n\t\t<\/div>\n\t\t\t\t\t<\/div>\n\t\t<\/section>\n\t\t\t\t<section class=\"elementor-section elementor-top-section elementor-element elementor-element-ab47cd6 elementor-section-boxed elementor-section-height-default elementor-section-height-default\" data-id=\"ab47cd6\" data-element_type=\"section\" data-e-type=\"section\">\n\t\t\t\t\t\t<div class=\"elementor-container elementor-column-gap-default\">\n\t\t\t\t\t<div class=\"elementor-column elementor-col-25 elementor-top-column elementor-element elementor-element-bcdc471\" data-id=\"bcdc471\" data-element_type=\"column\" data-e-type=\"column\">\n\t\t\t<div class=\"elementor-widget-wrap elementor-element-populated\">\n\t\t\t\t\t\t<div class=\"elementor-element elementor-element-f3ed91c elementor-widget elementor-widget-image\" data-id=\"f3ed91c\" data-element_type=\"widget\" data-e-type=\"widget\" data-widget_type=\"image.default\">\n\t\t\t\t<div class=\"elementor-widget-container\">\n\t\t\t\t\t\t\t\t\t\t\t\t\t\t\t\t<a href=\"\/en\/exposicion-vidacotidiana\/\">\n\t\t\t\t\t\t\t<img loading=\"lazy\" decoding=\"async\" width=\"800\" height=\"800\" src=\"https:\/\/nazaret.org\/wp-content\/uploads\/2023\/12\/45_transportes-1-1024x1024.png\" class=\"attachment-large size-large wp-image-5120\" alt=\"\" srcset=\"https:\/\/nazaret.org\/wp-content\/uploads\/2023\/12\/45_transportes-1-1024x1024.png 1024w, https:\/\/nazaret.org\/wp-content\/uploads\/2023\/12\/45_transportes-1-300x300.png 300w, https:\/\/nazaret.org\/wp-content\/uploads\/2023\/12\/45_transportes-1-150x150.png 150w, https:\/\/nazaret.org\/wp-content\/uploads\/2023\/12\/45_transportes-1-768x768.png 768w, https:\/\/nazaret.org\/wp-content\/uploads\/2023\/12\/45_transportes-1-1536x1536.png 1536w, https:\/\/nazaret.org\/wp-content\/uploads\/2023\/12\/45_transportes-1-12x12.png 12w, https:\/\/nazaret.org\/wp-content\/uploads\/2023\/12\/45_transportes-1.png 1920w\" sizes=\"(max-width: 800px) 100vw, 800px\" \/>\t\t\t\t\t\t\t\t<\/a>\n\t\t\t\t\t\t\t\t\t\t\t\t\t\t\t<\/div>\n\t\t\t\t<\/div>\n\t\t\t\t\t<\/div>\n\t\t<\/div>\n\t\t\t\t<div class=\"elementor-column elementor-col-25 elementor-top-column elementor-element elementor-element-9c7b33a\" data-id=\"9c7b33a\" data-element_type=\"column\" data-e-type=\"column\">\n\t\t\t<div class=\"elementor-widget-wrap elementor-element-populated\">\n\t\t\t\t\t\t<div class=\"elementor-element elementor-element-927b81f elementor-widget elementor-widget-image\" data-id=\"927b81f\" data-element_type=\"widget\" data-e-type=\"widget\" data-widget_type=\"image.default\">\n\t\t\t\t<div class=\"elementor-widget-container\">\n\t\t\t\t\t\t\t\t\t\t\t\t\t\t\t\t<a href=\"http:\/\/nazaret.org\/en\/exposicion-fundaciones\/\">\n\t\t\t\t\t\t\t<img loading=\"lazy\" decoding=\"async\" width=\"800\" height=\"800\" src=\"https:\/\/nazaret.org\/wp-content\/uploads\/2023\/12\/41_acontecimientos-1-1024x1024.png\" class=\"attachment-large size-large wp-image-5184\" alt=\"\" srcset=\"https:\/\/nazaret.org\/wp-content\/uploads\/2023\/12\/41_acontecimientos-1-1024x1024.png 1024w, https:\/\/nazaret.org\/wp-content\/uploads\/2023\/12\/41_acontecimientos-1-300x300.png 300w, https:\/\/nazaret.org\/wp-content\/uploads\/2023\/12\/41_acontecimientos-1-150x150.png 150w, https:\/\/nazaret.org\/wp-content\/uploads\/2023\/12\/41_acontecimientos-1-768x768.png 768w, https:\/\/nazaret.org\/wp-content\/uploads\/2023\/12\/41_acontecimientos-1-1536x1536.png 1536w, https:\/\/nazaret.org\/wp-content\/uploads\/2023\/12\/41_acontecimientos-1-12x12.png 12w, https:\/\/nazaret.org\/wp-content\/uploads\/2023\/12\/41_acontecimientos-1.png 1920w\" sizes=\"(max-width: 800px) 100vw, 800px\" \/>\t\t\t\t\t\t\t\t<\/a>\n\t\t\t\t\t\t\t\t\t\t\t\t\t\t\t<\/div>\n\t\t\t\t<\/div>\n\t\t\t\t\t<\/div>\n\t\t<\/div>\n\t\t\t\t<div class=\"elementor-column elementor-col-25 elementor-top-column elementor-element elementor-element-cd0b0d8\" data-id=\"cd0b0d8\" data-element_type=\"column\" data-e-type=\"column\">\n\t\t\t<div class=\"elementor-widget-wrap\">\n\t\t\t\t\t\t\t<\/div>\n\t\t<\/div>\n\t\t\t\t<div class=\"elementor-column elementor-col-25 elementor-top-column elementor-element elementor-element-f9526ba\" data-id=\"f9526ba\" data-element_type=\"column\" data-e-type=\"column\">\n\t\t\t<div class=\"elementor-widget-wrap\">\n\t\t\t\t\t\t\t<\/div>\n\t\t<\/div>\n\t\t\t\t\t<\/div>\n\t\t<\/section>\n\t\t\t\t<\/div>","protected":false},"excerpt":{"rendered":"<p>Exposici\u00f3n \u00abREFLEJOS DEL TIEMPO\u00bb Con motivo de la celebraci\u00f3n de los 150 a\u00f1os de fundaci\u00f3n de las Misioneras Hijas de la Sagrada Familia de Nazaret, se instala la exposici\u00f3n \u00abReflejos del tiempo\u00bb. Trata de una recogida de objetos que han poblado la historia de la Congregaci\u00f3n a la luz de diez categor\u00edas: pa\u00edses fundacionales, transportes, [&hellip;]<\/p>\n","protected":false},"author":1,"featured_media":0,"parent":0,"menu_order":0,"comment_status":"closed","ping_status":"closed","template":"","meta":{"footnotes":""},"class_list":["post-4860","page","type-page","status-publish","hentry"],"_links":{"self":[{"href":"https:\/\/nazaret.org\/en\/wp-json\/wp\/v2\/pages\/4860","targetHints":{"allow":["GET"]}}],"collection":[{"href":"https:\/\/nazaret.org\/en\/wp-json\/wp\/v2\/pages"}],"about":[{"href":"https:\/\/nazaret.org\/en\/wp-json\/wp\/v2\/types\/page"}],"author":[{"embeddable":true,"href":"https:\/\/nazaret.org\/en\/wp-json\/wp\/v2\/users\/1"}],"replies":[{"embeddable":true,"href":"https:\/\/nazaret.org\/en\/wp-json\/wp\/v2\/comments?post=4860"}],"version-history":[{"count":0,"href":"https:\/\/nazaret.org\/en\/wp-json\/wp\/v2\/pages\/4860\/revisions"}],"wp:attachment":[{"href":"https:\/\/nazaret.org\/en\/wp-json\/wp\/v2\/media?parent=4860"}],"curies":[{"name":"wp","href":"https:\/\/api.w.org\/{rel}","templated":true}]}}