{"id":4529,"date":"2023-06-14T10:42:50","date_gmt":"2023-06-14T10:42:50","guid":{"rendered":"https:\/\/nazaret.org\/?page_id=4529"},"modified":"2023-06-14T10:42:50","modified_gmt":"2023-06-14T10:42:50","slug":"privacidad","status":"publish","type":"page","link":"https:\/\/nazaret.org\/en\/privacidad\/","title":{"rendered":"Privacy"},"content":{"rendered":"<h1 class=\"text-3xl md:text-5xl font-bold text-primary\">Pol\u00edtica de privacidad<\/h1>\n<div class=\"wyswyg mt-10\" data-v-1d13e335=\"\">\n<p>En MISIONERAS HIJAS DE LA SAGRADA FAMILIA DE NAZARET estamos comprometidos con la protecci\u00f3n de la privacidad y el uso correcto de los datos personales. Es por esto que, la presente Pol\u00edtica de Privacidad tiene como objeto informar acerca del tratamiento de datos de car\u00e1cter personal que, MISIONERAS HIJAS DE LA SAGRADA FAMILIA DE NAZARET, efect\u00faa en este sitio web, en cualquiera de sus subdominios y en la aplicaci\u00f3n Nazaret, coraz\u00f3n de peregrino.<\/p>\n<h2>1. \u00bfQui\u00e9n es el Responsable del tratamiento de sus datos personales?<\/h2>\n<p>MISIONERAS HIJAS DE LA SAGRADA FAMILIA DE NAZARET es quien ostenta la condici\u00f3n de Responsable de Tratamiento. Puedes contactar con nosotros en:<br \/>\nDirecci\u00f3n: Avda Vallvidrera, 68 Barcelona, Barcelona 08017<br \/>\nCorreo electr\u00f3nico:\u00a0<a href=\"mailto:rgpd@nazaretcolegiosinnovadores.org\">rgpd@nazaretcolegiosinnovadores.org<\/a><br \/>\nTel\u00e9fono: 932 038 800<br \/>\nDelegado de Protecci\u00f3n de Datos:\u00a0<a href=\"mailto:dpd@nazaretcolegiosinnovadores.org\">dpd@nazaretcolegiosinnovadores.org<\/a><\/p>\n<h2>2. \u00bfPara qu\u00e9 tratamos tus datos personales de contacto?<\/h2>\n<p>Podemos tratar sus datos personales para diferentes finalidades:<br \/>\nFormularios web:<br \/>\nLos datos personales recogidos mediante el formulario de contacto, o bien porque nos remita un correo electr\u00f3nico, ser\u00e1n tratados por cuenta de MISIONERAS HIJAS DE LA SAGRADA FAMILIA DE NAZARET, en calidad de responsable del tratamiento, con el fin de gestionar y atender su petici\u00f3n o solicitud de informaci\u00f3n, dudas, quejas, etc. o la para la finalidad espec\u00edfica que se indique en el formulario web.<br \/>\nCorreo electr\u00f3nico:<br \/>\nLos datos personales que tratemos consecuencia de la recepci\u00f3n y\/o intercambio de correos electr\u00f3nicos, se tratar\u00e1n con la finalidad de atender y dar respuesta a su petici\u00f3n de informaci\u00f3n o consulta, para mantener los contactos comerciales o profesionales y relaciones que se produzcan como consecuencia de la misma, o para el mantenimiento en su caso de una relaci\u00f3n contractual.<br \/>\nGesti\u00f3n de curr\u00edculum:<br \/>\nTambi\u00e9n podremos tratar tus datos para tener en cuenta tu candidatura para posibles vacantes o puestos de trabajo que puedan surgir en cualquiera de las empresas del grupo que se ajusten a tu perfil y experiencia.<br \/>\nBolet\u00edn electr\u00f3nico o newsletter:<br \/>\nAdem\u00e1s, en el caso de que expresamente lo autorice a trav\u00e9s de la marcaci\u00f3n de la casilla correspondiente o mediante su solicitud expresa, le mantendremos informado sobre las actividades de MISIONERAS HIJAS DE LA SAGRADA FAMILIA DE NAZARET. El consentimiento para procesar sus datos personales y su uso ulterior para el env\u00edo de boletines se puede revocar en cualquier momento. Encontrar\u00e1 un enlace a tal efecto al pie de p\u00e1gina cada bolet\u00edn. Tambi\u00e9n puede darse de baja en cualquier momento o comunicarnos su petici\u00f3n mediante las opciones de contacto especificadas al final de este documento.<\/p>\n<h2>3.\u00bfCu\u00e1l es la base jur\u00eddica que legitima el tratamiento de sus datos personales? Es decir \u00bfqu\u00e9 condici\u00f3n fundamenta o habilita el que podamos tratar sus datos personales?<\/h2>\n<p>La base jur\u00eddica que nos legitima para el tratamiento de tus datos puede ser diversa:<br \/>\nen unos casos puede ser el consentimiento de las personas interesadas (suscripci\u00f3n a un bolet\u00edn electr\u00f3nico, cumplimentaci\u00f3n de un formulario web, env\u00edo de un curr\u00edculum etc\u2026). Cuando el tratamiento se base en su consentimiento, el mismo se entender\u00e1 otorgado de forma inequ\u00edvoca, consider\u00e1ndose dicha aportaci\u00f3n un acto afirmativo claro por su parte, que manifiesta dicho consentimiento. en otros el cumplimiento de una obligaci\u00f3n legal por nuestra parte la ejecuci\u00f3n de un contrato o el inter\u00e9s leg\u00edtimo del Responsable (gesti\u00f3n de datos de contacto y en su caso los relativos a la funci\u00f3n o puesto desempe\u00f1ado de las personas f\u00edsicas que presten servicios en una persona jur\u00eddica). La aportaci\u00f3n de los datos solicitados es obligatoria por ser imprescindibles para atender su petici\u00f3n y\/o prestar nuestros servicios; si no los facilita, no podremos llevarla a cabo o prestarlos.<\/p>\n<h2>4. \u00bfPor cu\u00e1nto tiempo conservamos sus datos personales?<\/h2>\n<p>Los datos personales se conservar\u00e1n por el tiempo que precise la atenci\u00f3n del objeto de la comunicaci\u00f3n y, en aquellos casos en que se base en el consentimiento, en tanto no haya revocado el mismo. En el caso de los Curr\u00edculums, tras dos a\u00f1os sin notificar actualizaciones procederemos a su destrucci\u00f3n. Por otro lado, con el fin de que los datos obrantes en nuestros ficheros, inform\u00e1ticos y\/o en papel, siempre correspondan a la realidad, se tratar\u00e1 de mantener actualizados. De manera que, a estos efectos, el Usuario podr\u00e1 comunic\u00e1rnoslo, por correo electr\u00f3nico a\u00a0<a href=\"mailto:rgpd@nazaretcolegiosinnovadores.org\">rgpd@nazaretcolegiosinnovadores.org<\/a><\/p>\n<h2>5. \u00bfQui\u00e9nes pueden ser cesionarios o destinatarios de tus datos personales?<\/h2>\n<p>Los datos personales no ser\u00e1n cedidos o comunicados a terceros, salvo en los supuestos necesarios para la atenci\u00f3n de la consulta formulado y en los supuestos previstos seg\u00fan Ley.<\/p>\n<h2>6. \u00bfCu\u00e1les son sus derechos en protecci\u00f3n de datos y c\u00f3mo puede ejercerlos?<\/h2>\n<p>El interesado podr\u00e1 ejercitar los siguientes derechos en protecci\u00f3n de datos.<\/p>\n<ul>\n<li>Derecho a solicitar el acceso a los datos personales relativos al interesado<\/li>\n<li>Derecho a solicitar su rectificaci\u00f3n o supresi\u00f3n<\/li>\n<li>Derecho a solicitar la limitaci\u00f3n de su tratamiento<\/li>\n<li>Derecho a oponerse al tratamiento<\/li>\n<li>Derecho a la portabilidad de los datos<\/li>\n<\/ul>\n<p>El interesado podr\u00e1 ejercitar tales derechos mediante escrito de solicitud, acompa\u00f1ada de una fotocopia de su D.N.I o documento identificativo equivalente, dirigida a MISIONERAS HIJAS DE LA SAGRADA FAMILIA DE NAZARET.<br \/>\nEn caso de que actuara mediante representante, legal o voluntario, deber\u00e1 aportar tambi\u00e9n documento que acredite la representaci\u00f3n y documento identificativo del mismo. En caso de considerar vulnerado su derecho a la protecci\u00f3n de datos personales, podr\u00e1 interponer una reclamaci\u00f3n ante nuestro Delegado de Protecci\u00f3n de Datos\u00a0<a href=\"mailto:dpd@nazaretcolegiosinnovadores.org\">dpd@nazaretcolegiosinnovadores.org<\/a>\u00a0o ante la Agencia Espa\u00f1ola de Protecci\u00f3n de Datos (<a href=\"http:\/\/www.aepd.es\/\">www.aepd.es<\/a>).<\/p>\n<h3>INFORMACI\u00d3N ADICIONAL PROTECCI\u00d3N DE DATOS<\/h3>\n<h5>CANDIDATOS<\/h5>\n<p>Sus datos son tratados por MISIONERAS HIJAS DE LA SAGRADA FAMILIA DE NAZARET como responsable del tratamiento.<br \/>\nLa finalidad del tratamiento de sus datos curriculares es realizar los procesos de selecci\u00f3n de personal en nuestra organizaci\u00f3n.<br \/>\nLa licitud del tratamiento est\u00e1 basada en el art\u00edculo 6.1.a) del RGPD: el interesado dio su consentimiento para el tratamiento de sus datos personales para uno o varios fines espec\u00edficos<br \/>\nEl Curr\u00edculo Vitae se conservar\u00e1n durante el plazo m\u00e1ximo de dos a\u00f1os, siempre y cuando el solicitante no haya revocado el consentimiento otorgado.<br \/>\nLos datos no ser\u00e1n cedidos o comunicados a terceros que no formen parte de MHSFN y\/o las entidades que forman NAZARET COLEGIOS INNOVADORES\u00a0<a href=\"http:\/\/colegiosinnovadores.com\/colegios-innovadores\/\">http:\/\/colegiosinnovadores.com\/colegios-innovadores\/<\/a>\u00a0bajo ning\u00fan concepto, sin previo consentimiento expreso del candidato\/a.<\/p>\n<h5>PROVEEDORES<\/h5>\n<p>Los datos personales del firmante del contrato, as\u00ed como de las personas que participen o est\u00e9n en contacto con ocasi\u00f3n de la prestaci\u00f3n del servicio, ser\u00e1n tratados por MISIONERAS HIJAS DE LA SAGRADA FAMILIA DE NAZARET, en calidad de Responsable de Tratamiento.<br \/>\nLa base jur\u00eddica que legitima el tratamiento de los datos es la relaci\u00f3n contractual, para su formalizaci\u00f3n y ejecuci\u00f3n.<br \/>\nLa finalidad del tratamiento es mantener la relaci\u00f3n contractual, en los aspectos econ\u00f3micos y t\u00e9cnicos derivados, as\u00ed como el desarrollo y control del\/los servicio\/s contratado\/s y, en su caso, remisi\u00f3n de informaci\u00f3n sobre las incidencias relacionadas con aqu\u00e9llos.<br \/>\nLos datos no ser\u00e1n cedidos a terceros, salvo que sean comunicados a las entidades p\u00fablicas o privadas, a las cuales sea necesario u obligatorio ceder \u00e9stos para poder gestionar la relaci\u00f3n contractual, as\u00ed como en los supuestos previstos, seg\u00fan Ley.<br \/>\nLos datos se conservar\u00e1n durante el tiempo necesario para cumplir con la finalidad para la que se recabaron y para determinar las posibles responsabilidades que se pudieran derivar de dicha finalidad y del tratamiento de los datos y puedan ser requeridos por las autoridades p\u00fablicas competentes (Agencia Tributaria, Juzgados o Tribunales).<\/p>\n<h5>REDES SOCIALES<\/h5>\n<p>MISIONERAS HIJAS DE LA SAGRADA FAMILIA DE NAZARET puede estar presente, actualmente o en el futuro, en redes sociales de Internet, donde considere oportuno establecer presencia. La utilizaci\u00f3n de redes sociales comporta una transferencia internacional de datos para la prestaci\u00f3n del servicio. Esta comunicaci\u00f3n se realiza en base a la adopci\u00f3n por parte de la red social de cl\u00e1usulas contractuales tipo, conforme a la Decisi\u00f3n de Ejecuci\u00f3n 2021\/914 de la Comisi\u00f3n Europea. En cualquier momento puede dejar de seguir o ser amigo de MISIONERAS HIJAS DE LA SAGRADA FAMILIA DE NAZARET.<br \/>\nEstos espacios se considerar\u00e1n oficiales, no asumiendo responsabilidad por el uso o contenidos dispuestos en cualesquiera otras cuentas o espacios abiertos en las redes sociales por parte de terceros. MISIONERAS HIJAS DE LA SAGRADA FAMILIA DE NAZARET tampoco asumir\u00e1 responsabilidad del uso o contenidos dispuestos a trav\u00e9s de cuentas o espacios abiertos por parte de sus cargos p\u00fablicos, creado de manera particular en el \u00e1mbito privado o a trav\u00e9s de partido pol\u00edtico u otro colectivo al que pertenecieren.<\/p>\n<p>MISIONERAS HIJAS DE LA SAGRADA FAMILIA DE NAZARET, como administrador de sus instancias propias en dichas redes, podr\u00e1 decidir la no publicaci\u00f3n y\/o el borrado de cualquier contenido publicado en las mismas.<br \/>\nEn cualquier caso, el Usuario es el \u00fanico responsable de los contenidos que, en su caso, publique en estas redes sociales de MISIONERAS HIJAS DE LA SAGRADA FAMILIA DE NAZARET, siendo plenamente aplicable a las redes sociales las condiciones y t\u00e9rminos generales de uso del Portal y la sede electr\u00f3nica antes expuestas; y sin perjuicio de aplicar las condiciones y t\u00e9rminos o pol\u00edticas, establecidos por la propia red social.<\/p>\n<p>Adem\u00e1s, informamos que el sitio Web integra, en su caso, plugins o complementos de redes sociales, respecto a los cuales deber\u00e1 tener en cuenta lo siguiente:<br \/>\nSi est\u00e1 registrado como usuario en la red social (Twitter, YouTube) y al visitar este sitio Web del tiene la sesi\u00f3n abierta en cualquiera de estas redes sociales, al hacer \u00abclick\u00bb en sus plugins, la red social recibir\u00e1 la informaci\u00f3n que le indica y de que ha visitado el Sitio. Adem\u00e1s, proporcionar\u00e1 informaci\u00f3n sobre su perfil de usuario de esa red social (nombre, email, foto, etc.).<\/p>\n<p>Si no est\u00e1 registrado en la red social, o no tienen la sesi\u00f3n abierta mientras visita el sitio Web puede ser que la red social reciba y almacene al menos su direcci\u00f3n IP.<br \/>\nSi no desea que una red social recopile los datos personales, ni que los comparta con nosotros ni con terceros, consulte la pol\u00edtica de privacidad de la red social correspondiente y cierre sesi\u00f3n en la misma antes de visitar este sitio Web. Tambi\u00e9n podr\u00e1 eliminar las cookies existentes que haya instalado la red social en su ordenador usando las funciones de su navegador.<\/p>\n<p>El usuario debe respetar los derechos de terceros, especialmente, derechos de intimidad y protecci\u00f3n de datos, as\u00ed como la normativa de propiedad intelectual e industrial, en toda aquella informaci\u00f3n que publique en la p\u00e1gina de MISIONERAS HIJAS DE LA SAGRADA FAMILIA DE NAZARET. Se proh\u00edbe la publicaci\u00f3n de informaci\u00f3n que de cualquier forma atente contra la moral, el orden p\u00fablico, los derechos fundamentales, las libertas p\u00fablicas, con especial atenci\u00f3n al honor, la intimidad o la imagen de terceros y, en general, contra los derechos humanos. El usuario ser\u00e1 el \u00fanico responsable de la informaci\u00f3n que publique.<\/p>\n<p>Recomendamos revise la configuraci\u00f3n de privacidad de la red social y adjuntamos enlace a las diferentes pol\u00edticas de privacidad:<\/p>\n<ul>\n<li>Twitter<\/li>\n<li>Facebook<\/li>\n<li>YouTube<\/li>\n<li>LinkedIn<\/li>\n<\/ul>\n<h5>CORREO ELECTR\u00d3NICO<\/h5>\n<p>Los datos personales que tratemos consecuencia de la recepci\u00f3n y\/o intercambio de correos electr\u00f3nicos, se tratar\u00e1n con la finalidad de atender y dar respuesta a su petici\u00f3n de informaci\u00f3n o consulta, para mantener los contactos comerciales o profesionales y relaciones que se produzcan como consecuencia de la misma, o para el mantenimiento en su caso de una relaci\u00f3n contractual.<\/p>\n<p>En el caso de cumplimentar un formulario confeccionado a trav\u00e9s de las herramientas proporcionadas por Google, le informamos que implica una transferencia internacional de datos a Google LLC para la prestaci\u00f3n del Servicio. Esta comunicaci\u00f3n se realiza en base a la adopci\u00f3n por parte de Google de cl\u00e1usulas contractuales tipo, conforme a la Decisi\u00f3n de Ejecuci\u00f3n (UE) 2021\/914 DE LA COMISI\u00d3N de 4 de junio de 2021.<\/p>\n<\/div>","protected":false},"excerpt":{"rendered":"<p>Pol\u00edtica de privacidad En MISIONERAS HIJAS DE LA SAGRADA FAMILIA DE NAZARET estamos comprometidos con la protecci\u00f3n de la privacidad y el uso correcto de los datos personales. Es por esto que, la presente Pol\u00edtica de Privacidad tiene como objeto informar acerca del tratamiento de datos de car\u00e1cter personal que, MISIONERAS HIJAS DE LA SAGRADA [&hellip;]<\/p>\n","protected":false},"author":1,"featured_media":0,"parent":0,"menu_order":0,"comment_status":"closed","ping_status":"closed","template":"elementor_header_footer","meta":{"footnotes":""},"class_list":["post-4529","page","type-page","status-publish","hentry"],"_links":{"self":[{"href":"https:\/\/nazaret.org\/en\/wp-json\/wp\/v2\/pages\/4529","targetHints":{"allow":["GET"]}}],"collection":[{"href":"https:\/\/nazaret.org\/en\/wp-json\/wp\/v2\/pages"}],"about":[{"href":"https:\/\/nazaret.org\/en\/wp-json\/wp\/v2\/types\/page"}],"author":[{"embeddable":true,"href":"https:\/\/nazaret.org\/en\/wp-json\/wp\/v2\/users\/1"}],"replies":[{"embeddable":true,"href":"https:\/\/nazaret.org\/en\/wp-json\/wp\/v2\/comments?post=4529"}],"version-history":[{"count":0,"href":"https:\/\/nazaret.org\/en\/wp-json\/wp\/v2\/pages\/4529\/revisions"}],"wp:attachment":[{"href":"https:\/\/nazaret.org\/en\/wp-json\/wp\/v2\/media?parent=4529"}],"curies":[{"name":"wp","href":"https:\/\/api.w.org\/{rel}","templated":true}]}}